
{"id":44,"date":"2023-10-20T11:59:49","date_gmt":"2023-10-20T11:59:49","guid":{"rendered":"https:\/\/www.reservedsection.com\/?page_id=44"},"modified":"2025-10-30T09:47:15","modified_gmt":"2025-10-30T09:47:15","slug":"contact","status":"publish","type":"page","link":"https:\/\/reservedsection.com\/en\/contact\/","title":{"rendered":"Contact"},"content":{"rendered":"<section class=\"l-section wpb_row us_custom_fe9ce664 height_medium\"><div class=\"l-section-h i-cf\"><div class=\"g-cols vc_row via_grid cols_1 laptops-cols_inherit tablets-cols_inherit mobiles-cols_1 valign_top type_default stacking_default\"><div class=\"wpb_column vc_column_container us_custom_94d7c703 has_bg_color\"><div class=\"vc_column-inner\"><div class=\"w-html\"><iframe src=\"https:\/\/www.google.com\/maps\/embed?pb=!1m14!1m8!1m3!1d9115.515703214482!2d24.760654118208205!3d59.412219831265105!3m2!1i1024!2i768!4f13.1!3m3!1m2!1s0x469294b84442557f%3A0x38149d9c92fa251!2sLuite%2C%20Tallinn%2C%20Estonia!5e0!3m2!1sen!2str!4v1699866391647!5m2!1sen!2str\" width=\"100%\" height=\"450\" style=\"border:0;\" allowfullscreen=\"\" loading=\"lazy\" referrerpolicy=\"no-referrer-when-downgrade\"><\/iframe><\/div><div class=\"w-separator size_small\"><\/div><div class=\"g-cols wpb_row via_grid cols_3 laptops-cols_inherit tablets-cols_inherit mobiles-cols_1 valign_top type_default stacking_default\" style=\"--columns-gap:3rem;\"><div class=\"wpb_column vc_column_container\"><div class=\"vc_column-inner\"><div class=\"w-iconbox iconpos_left style_circle color_primary align_left icontype_img\"><div class=\"w-iconbox-icon\" style=\"font-size:1.5rem;\"><img loading=\"lazy\" decoding=\"async\" width=\"300\" height=\"300\" src=\"https:\/\/reservedsection.com\/wp-content\/uploads\/2023\/11\/Headquarter-white.png\" class=\"attachment-full size-full\" alt=\"\" srcset=\"https:\/\/reservedsection.com\/wp-content\/uploads\/2023\/11\/Headquarter-white.png 300w, https:\/\/reservedsection.com\/wp-content\/uploads\/2023\/11\/Headquarter-white-150x150.png 150w\" sizes=\"auto, (max-width: 300px) 100vw, 300px\" \/><\/div><div class=\"w-iconbox-meta\"><h6 class=\"w-iconbox-title\" style=\"font-size:1.2rem;\">Headquarter<\/h6><div class=\"w-iconbox-text\"><p>Alt\u0131n\u015fehir Mah. 163. sk. Elite Offices B Blok no: 11B<\/p>\n<p>Nil\u00fcfer\/Bursa<\/p>\n<\/div><\/div><\/div><\/div><\/div><div class=\"wpb_column vc_column_container\"><div class=\"vc_column-inner\"><div class=\"w-iconbox iconpos_left style_circle color_primary align_left icontype_img\"><div class=\"w-iconbox-icon\" style=\"font-size:1.5rem;\"><img loading=\"lazy\" decoding=\"async\" width=\"300\" height=\"300\" src=\"https:\/\/reservedsection.com\/wp-content\/uploads\/2023\/11\/Phone-white.png\" class=\"attachment-full size-full\" alt=\"\" srcset=\"https:\/\/reservedsection.com\/wp-content\/uploads\/2023\/11\/Phone-white.png 300w, https:\/\/reservedsection.com\/wp-content\/uploads\/2023\/11\/Phone-white-150x150.png 150w\" sizes=\"auto, (max-width: 300px) 100vw, 300px\" \/><\/div><div class=\"w-iconbox-meta\"><h6 class=\"w-iconbox-title\" style=\"font-size:1.2rem;\">Phone<\/h6><div class=\"w-iconbox-text\"><div class=\"wpb_column vc_column_container\">\n<div class=\"vc_column-inner\">\n<div class=\"w-iconbox iconpos_left style_circle color_primary align_left icontype_img\">\n<div class=\"w-iconbox-meta\">\n<div class=\"w-iconbox-text\">\n<p>+90 532 206 28 99<\/p>\n<\/div>\n<\/div>\n<p>&nbsp;<\/p>\n<\/div>\n<\/div>\n<\/div>\n<\/div><\/div><\/div><\/div><\/div><div class=\"wpb_column vc_column_container\"><div class=\"vc_column-inner\"><div class=\"w-iconbox iconpos_left style_circle color_primary align_left icontype_img\"><div class=\"w-iconbox-icon\" style=\"font-size:1.5rem;\"><img loading=\"lazy\" decoding=\"async\" width=\"300\" height=\"300\" src=\"https:\/\/reservedsection.com\/wp-content\/uploads\/2023\/11\/Mail-white.png\" class=\"attachment-full size-full\" alt=\"\" srcset=\"https:\/\/reservedsection.com\/wp-content\/uploads\/2023\/11\/Mail-white.png 300w, https:\/\/reservedsection.com\/wp-content\/uploads\/2023\/11\/Mail-white-150x150.png 150w\" sizes=\"auto, (max-width: 300px) 100vw, 300px\" \/><\/div><div class=\"w-iconbox-meta\"><h6 class=\"w-iconbox-title\" style=\"font-size:1.2rem;\">Mail<\/h6><div class=\"w-iconbox-text\"><p>info@reservedsection.com<\/p>\n<\/div><\/div><\/div><\/div><\/div><\/div><div class=\"w-separator size_large\"><\/div><div class=\"w-vwrapper align_center valign_top\"><h2 class=\"w-text\"><span class=\"w-text-h\"><span class=\"w-text-value\">General Information<\/span><\/span><\/h2><div class=\"wpb_text_column\"><div class=\"wpb_wrapper\"><p>Reserved Section is a privately held enterprise established in 2022 in Tallinn, Estonia.<br \/>\nThe company has a subsidiary office in Barcelona, Dubai and Istanbul. Our customer service is available globally.<\/p>\n<\/div><\/div><\/div><div class=\"w-separator size_large\"><\/div><h2 class=\"w-text us_custom_eb849559\"><span class=\"w-text-h\"><span class=\"w-text-value\">Contact Us<\/span><\/span><\/h2>\n<div class=\"wpcf7 no-js\" id=\"wpcf7-f7-o1\" lang=\"tr-TR\" dir=\"ltr\" data-wpcf7-id=\"7\">\n<div class=\"screen-reader-response\"><p role=\"status\" aria-live=\"polite\" aria-atomic=\"true\"><\/p> <ul><\/ul><\/div>\n<form action=\"\/en\/wp-json\/wp\/v2\/pages\/44#wpcf7-f7-o1\" method=\"post\" class=\"wpcf7-form init\" aria-label=\"\u0130leti\u015fim Formu\" novalidate=\"novalidate\" data-status=\"init\">\n<fieldset class=\"hidden-fields-container\"><input type=\"hidden\" name=\"_wpcf7\" value=\"7\" \/><input type=\"hidden\" name=\"_wpcf7_version\" value=\"6.1.5\" \/><input type=\"hidden\" name=\"_wpcf7_locale\" value=\"tr_TR\" \/><input type=\"hidden\" name=\"_wpcf7_unit_tag\" value=\"wpcf7-f7-o1\" \/><input type=\"hidden\" name=\"_wpcf7_container_post\" value=\"0\" \/><input type=\"hidden\" name=\"_wpcf7_posted_data_hash\" value=\"\" \/>\n<\/fieldset>\n<p><label> Name and Surname<br \/>\n<span class=\"wpcf7-form-control-wrap\" data-name=\"your-name\"><input size=\"40\" maxlength=\"400\" class=\"wpcf7-form-control wpcf7-text wpcf7-validates-as-required\" autocomplete=\"name\" aria-required=\"true\" aria-invalid=\"false\" value=\"\" type=\"text\" name=\"your-name\" \/><\/span> <\/label>\n<\/p>\n<p><label> Phone<br \/>\n<span class=\"wpcf7-form-control-wrap\" data-name=\"your-phone\"><input size=\"40\" maxlength=\"400\" class=\"wpcf7-form-control wpcf7-text wpcf7-validates-as-required\" aria-required=\"true\" aria-invalid=\"false\" value=\"\" type=\"text\" name=\"your-phone\" \/><\/span> <\/label>\n<\/p>\n<p><label> E-mail Address<br \/>\n<span class=\"wpcf7-form-control-wrap\" data-name=\"your-email\"><input size=\"40\" maxlength=\"400\" class=\"wpcf7-form-control wpcf7-email wpcf7-validates-as-required wpcf7-text wpcf7-validates-as-email\" autocomplete=\"email\" aria-required=\"true\" aria-invalid=\"false\" value=\"\" type=\"email\" name=\"your-email\" \/><\/span> <\/label>\n<\/p>\n<p><label> Subject<br \/>\n<span class=\"wpcf7-form-control-wrap\" data-name=\"your-subject\"><input size=\"40\" maxlength=\"400\" class=\"wpcf7-form-control wpcf7-text wpcf7-validates-as-required\" aria-required=\"true\" aria-invalid=\"false\" value=\"\" type=\"text\" name=\"your-subject\" \/><\/span> <\/label>\n<\/p>\n<p><label> Message<br \/>\n<span class=\"wpcf7-form-control-wrap\" data-name=\"your-message\"><textarea cols=\"40\" rows=\"10\" maxlength=\"2000\" class=\"wpcf7-form-control wpcf7-textarea\" aria-invalid=\"false\" name=\"your-message\"><\/textarea><\/span> <\/label><br \/>\n<div id=\"cf7sr-69e8e6872d170\" class=\"cf7sr-g-recaptcha\" data-theme=\"light\" data-type=\"image\" data-size=\"normal\" data-sitekey=\"6LeyE3wpAAAAAHH_kpoShWfwhbwwOoZA3xUkI4QF\"><\/div><span class=\"wpcf7-form-control-wrap cf7sr-recaptcha\" data-name=\"cf7sr-recaptcha\"><input type=\"hidden\" name=\"cf7sr-recaptcha\" value=\"\" class=\"wpcf7-form-control\"><\/span><br \/>\n<input class=\"wpcf7-form-control wpcf7-submit has-spinner\" type=\"submit\" value=\"Send\" \/>\n<\/p><input type=\"hidden\" id=\"ct_checkjs_cf7_66368270ffd51418ec58bd793f2d9b1b\" name=\"ct_checkjs_cf7\" value=\"0\" \/><script >setTimeout(function(){var ct_input_name = \"ct_checkjs_cf7_66368270ffd51418ec58bd793f2d9b1b\";if (document.getElementById(ct_input_name) !== null) {var ct_input_value = document.getElementById(ct_input_name).value;document.getElementById(ct_input_name).value = document.getElementById(ct_input_name).value.replace(ct_input_value, '1189839919');}}, 1000);<\/script><input\n                    class=\"apbct_special_field apbct_email_id__wp_contact_form_7\"\n                    name=\"apbct__email_id__wp_contact_form_7\"\n                    aria-label=\"apbct__label_id__wp_contact_form_7\"\n                    type=\"text\" size=\"30\" maxlength=\"200\" autocomplete=\"off\"\n                    value=\"\"\n                \/><p style=\"display: none !important;\" class=\"akismet-fields-container\" data-prefix=\"_wpcf7_ak_\"><label>&#916;<textarea name=\"_wpcf7_ak_hp_textarea\" cols=\"45\" rows=\"8\" maxlength=\"100\"><\/textarea><\/label><input type=\"hidden\" id=\"ak_js_1\" name=\"_wpcf7_ak_js\" value=\"50\"\/><script>document.getElementById( \"ak_js_1\" ).setAttribute( \"value\", ( new Date() ).getTime() );<\/script><\/p><div class=\"wpcf7-response-output\" aria-hidden=\"true\"><\/div>\n<\/form>\n<\/div>\n<\/div><\/div><\/div><\/div><\/section>\n","protected":false},"excerpt":{"rendered":"HeadquarterAlt\u0131n\u015fehir Mah. 163. sk. Elite Offices B Blok no: 11B Nil\u00fcfer\/Bursa Phone +90 532 206 28 99 &nbsp; Mailinfo@reservedsection.com General InformationReserved Section is a privately held enterprise established in 2022 in Tallinn, Estonia. The company has a subsidiary office in Barcelona, Dubai and Istanbul. Our customer service is available globally. Contact Us Name and Surname...","protected":false},"author":2,"featured_media":442,"parent":0,"menu_order":0,"comment_status":"closed","ping_status":"closed","template":"","meta":{"_acf_changed":false,"footnotes":""},"class_list":["post-44","page","type-page","status-publish","has-post-thumbnail","hentry"],"acf":[],"_links":{"self":[{"href":"https:\/\/reservedsection.com\/en\/wp-json\/wp\/v2\/pages\/44","targetHints":{"allow":["GET"]}}],"collection":[{"href":"https:\/\/reservedsection.com\/en\/wp-json\/wp\/v2\/pages"}],"about":[{"href":"https:\/\/reservedsection.com\/en\/wp-json\/wp\/v2\/types\/page"}],"author":[{"embeddable":true,"href":"https:\/\/reservedsection.com\/en\/wp-json\/wp\/v2\/users\/2"}],"replies":[{"embeddable":true,"href":"https:\/\/reservedsection.com\/en\/wp-json\/wp\/v2\/comments?post=44"}],"version-history":[{"count":4,"href":"https:\/\/reservedsection.com\/en\/wp-json\/wp\/v2\/pages\/44\/revisions"}],"predecessor-version":[{"id":12545,"href":"https:\/\/reservedsection.com\/en\/wp-json\/wp\/v2\/pages\/44\/revisions\/12545"}],"wp:featuredmedia":[{"embeddable":true,"href":"https:\/\/reservedsection.com\/en\/wp-json\/wp\/v2\/media\/442"}],"wp:attachment":[{"href":"https:\/\/reservedsection.com\/en\/wp-json\/wp\/v2\/media?parent=44"}],"curies":[{"name":"wp","href":"https:\/\/api.w.org\/{rel}","templated":true}]}}