
{"id":12160,"date":"2025-11-01T02:03:30","date_gmt":"2025-11-01T02:03:30","guid":{"rendered":"https:\/\/reservedsection.com\/?post_type=product&#038;p=12160"},"modified":"2025-11-11T23:36:22","modified_gmt":"2025-11-11T23:36:22","slug":"londra-31-agustos-ariana-grande-the-eternal-sunshine-tour-2026","status":"publish","type":"product","link":"https:\/\/reservedsection.com\/en\/event\/londra-31-agustos-ariana-grande-the-eternal-sunshine-tour-2026\/","title":{"rendered":"Londra &#8211; 31 A\u011fustos | Ariana Grande &#8211; The Eternal Sunshine Tour 2026"},"content":{"rendered":"<p>Ariana Grande, <strong>\u201cThe Eternal Sunshine Tour 2026\u201d<\/strong> ile yeniden <strong>Londra<\/strong> sahnesinde \ud83c\udf1f<br \/>\nEfsane vokali, b\u00fcy\u00fcleyici sahne tasar\u0131m\u0131 ve yeni alb\u00fcm\u00fcnden \u00f6zel performanslarla <strong>London O2 Arena\u2019da<\/strong> hayranlar\u0131n\u0131 unutulmaz bir gece bekliyor \ud83c\udfa4\u2728<\/p>\n<p><strong>31 A\u011fustos\u2019ta<\/strong> hayranlara m\u00fczi\u011fin, \u0131\u015f\u0131klar\u0131n ve duygular\u0131n zirve yapt\u0131\u011f\u0131 b\u00fcy\u00fcleyici bir deneyim sunacak \ud83c\udfb6\ud83d\udcab<\/p>\n<p><strong>Biletler s\u0131n\u0131rl\u0131\u2026 \u0131\u015f\u0131klar s\u00f6nmeden yerinizi ay\u0131rt\u0131n<\/strong> \ud83c\udf9f\ud83d\udd25<\/p>\n","protected":false},"excerpt":{"rendered":"<p>Ariana Grande, \u201cThe Eternal Sunshine Tour 2026\u201d ile yeniden Londra sahnesinde \ud83c\udf1f Efsane vokali, b\u00fcy\u00fcleyici sahne tasar\u0131m\u0131 ve yeni alb\u00fcm\u00fcnden \u00f6zel performanslarla London O2 Arena\u2019da hayranlar\u0131n\u0131 unutulmaz bir gece bekliyor \ud83c\udfa4\u2728 31 A\u011fustos\u2019ta hayranlara m\u00fczi\u011fin, \u0131\u015f\u0131klar\u0131n ve duygular\u0131n zirve yapt\u0131\u011f\u0131 b\u00fcy\u00fcleyici bir deneyim sunacak \ud83c\udfb6\ud83d\udcab Biletler s\u0131n\u0131rl\u0131\u2026 \u0131\u015f\u0131klar s\u00f6nmeden yerinizi ay\u0131rt\u0131n \ud83c\udf9f\ud83d\udd25<\/p>\n","protected":false},"featured_media":12381,"comment_status":"open","ping_status":"closed","template":"","meta":{"_acf_changed":false},"product_brand":[],"product_cat":[9],"product_tag":[],"location":[],"event-position":[],"teams":[],"venues":[],"event-tours":[],"event-tournaments":[],"class_list":{"0":"post-12160","1":"product","2":"type-product","3":"status-publish","4":"has-post-thumbnail","6":"product_cat-concerts","8":"first","9":"instock","10":"taxable","11":"shipping-taxable","12":"product-type-simple"},"acf":[],"_links":{"self":[{"href":"https:\/\/reservedsection.com\/en\/wp-json\/wp\/v2\/product\/12160","targetHints":{"allow":["GET"]}}],"collection":[{"href":"https:\/\/reservedsection.com\/en\/wp-json\/wp\/v2\/product"}],"about":[{"href":"https:\/\/reservedsection.com\/en\/wp-json\/wp\/v2\/types\/product"}],"replies":[{"embeddable":true,"href":"https:\/\/reservedsection.com\/en\/wp-json\/wp\/v2\/comments?post=12160"}],"wp:featuredmedia":[{"embeddable":true,"href":"https:\/\/reservedsection.com\/en\/wp-json\/wp\/v2\/media\/12381"}],"wp:attachment":[{"href":"https:\/\/reservedsection.com\/en\/wp-json\/wp\/v2\/media?parent=12160"}],"wp:term":[{"taxonomy":"product_brand","embeddable":true,"href":"https:\/\/reservedsection.com\/en\/wp-json\/wp\/v2\/product_brand?post=12160"},{"taxonomy":"product_cat","embeddable":true,"href":"https:\/\/reservedsection.com\/en\/wp-json\/wp\/v2\/product_cat?post=12160"},{"taxonomy":"product_tag","embeddable":true,"href":"https:\/\/reservedsection.com\/en\/wp-json\/wp\/v2\/product_tag?post=12160"},{"taxonomy":"location","embeddable":true,"href":"https:\/\/reservedsection.com\/en\/wp-json\/wp\/v2\/location?post=12160"},{"taxonomy":"event-position","embeddable":true,"href":"https:\/\/reservedsection.com\/en\/wp-json\/wp\/v2\/event-position?post=12160"},{"taxonomy":"teams","embeddable":true,"href":"https:\/\/reservedsection.com\/en\/wp-json\/wp\/v2\/teams?post=12160"},{"taxonomy":"venues","embeddable":true,"href":"https:\/\/reservedsection.com\/en\/wp-json\/wp\/v2\/venues?post=12160"},{"taxonomy":"event-tours","embeddable":true,"href":"https:\/\/reservedsection.com\/en\/wp-json\/wp\/v2\/event-tours?post=12160"},{"taxonomy":"event-tournaments","embeddable":true,"href":"https:\/\/reservedsection.com\/en\/wp-json\/wp\/v2\/event-tournaments?post=12160"}],"curies":[{"name":"wp","href":"https:\/\/api.w.org\/{rel}","templated":true}]}}