
{"id":12213,"date":"2025-11-03T09:10:32","date_gmt":"2025-11-03T09:10:32","guid":{"rendered":"https:\/\/reservedsection.com\/?post_type=product&#038;p=12213"},"modified":"2025-11-03T09:10:32","modified_gmt":"2025-11-03T09:10:32","slug":"amsterdam-17-temmuz-the-weeknd-the-weeknd-after-hours-til-dawn-with-playboi-carti-europe-2026","status":"publish","type":"product","link":"https:\/\/reservedsection.com\/en\/event\/amsterdam-17-temmuz-the-weeknd-the-weeknd-after-hours-til-dawn-with-playboi-carti-europe-2026\/","title":{"rendered":"Amsterdam &#8211; 17 Temmuz | The Weeknd &#8211; THE WEEKND AFTER HOURS TIL DAWN with Playboi Carti EUROPE 2026"},"content":{"rendered":"<p>The Weeknd, <strong>After Hours Til Dawn<\/strong> turunun Avrupa aya\u011f\u0131 <strong>17 Temmuz 2026\u2019da Amsterdam&#8217;da<\/strong>\u00a0devam ediyor. Son y\u0131llar\u0131n en yenilik\u00e7i sahne prod\u00fcksiyonlar\u0131ndan biri olarak \u00f6ne \u00e7\u0131kan bu g\u00f6steri; etkileyici g\u00f6rsel atmosferi, geni\u015f setlist\u2019i ve futuristik sahne tasar\u0131m\u0131yla unutulmaz bir deneyim sunacak.<\/p>\n<p>Playboi Carti\u2019nin \u00f6zel konuk performans\u0131yla <strong>Amsterdam&#8217;da<\/strong>\u00a0benzersiz bir m\u00fczik \u015f\u00f6leni seni bekliyor.<\/p>\n<p><strong>Biletini g\u00fcvenle al<\/strong>, yerini \u015fimdiden garantile: <strong>Reserved Section ayr\u0131cal\u0131\u011f\u0131yla en iyi koltuklara eri\u015f.<\/strong><\/p>\n","protected":false},"excerpt":{"rendered":"<p>The Weeknd, After Hours Til Dawn turunun Avrupa aya\u011f\u0131 17 Temmuz 2026\u2019da Amsterdam&#8217;da\u00a0devam ediyor. Son y\u0131llar\u0131n en yenilik\u00e7i sahne prod\u00fcksiyonlar\u0131ndan biri olarak \u00f6ne \u00e7\u0131kan bu g\u00f6steri; etkileyici g\u00f6rsel atmosferi, geni\u015f setlist\u2019i ve futuristik sahne tasar\u0131m\u0131yla unutulmaz bir deneyim sunacak. Playboi Carti\u2019nin \u00f6zel konuk performans\u0131yla Amsterdam&#8217;da\u00a0benzersiz bir m\u00fczik \u015f\u00f6leni seni bekliyor. Biletini g\u00fcvenle al, yerini \u015fimdiden&#8230;<\/p>\n","protected":false},"featured_media":12189,"comment_status":"open","ping_status":"closed","template":"","meta":{"_acf_changed":false},"product_brand":[],"product_cat":[9],"product_tag":[],"location":[],"event-position":[],"teams":[],"venues":[],"event-tours":[],"event-tournaments":[],"class_list":{"0":"post-12213","1":"product","2":"type-product","3":"status-publish","4":"has-post-thumbnail","6":"product_cat-concerts","8":"first","9":"instock","10":"taxable","11":"shipping-taxable","12":"product-type-simple"},"acf":[],"_links":{"self":[{"href":"https:\/\/reservedsection.com\/en\/wp-json\/wp\/v2\/product\/12213","targetHints":{"allow":["GET"]}}],"collection":[{"href":"https:\/\/reservedsection.com\/en\/wp-json\/wp\/v2\/product"}],"about":[{"href":"https:\/\/reservedsection.com\/en\/wp-json\/wp\/v2\/types\/product"}],"replies":[{"embeddable":true,"href":"https:\/\/reservedsection.com\/en\/wp-json\/wp\/v2\/comments?post=12213"}],"wp:featuredmedia":[{"embeddable":true,"href":"https:\/\/reservedsection.com\/en\/wp-json\/wp\/v2\/media\/12189"}],"wp:attachment":[{"href":"https:\/\/reservedsection.com\/en\/wp-json\/wp\/v2\/media?parent=12213"}],"wp:term":[{"taxonomy":"product_brand","embeddable":true,"href":"https:\/\/reservedsection.com\/en\/wp-json\/wp\/v2\/product_brand?post=12213"},{"taxonomy":"product_cat","embeddable":true,"href":"https:\/\/reservedsection.com\/en\/wp-json\/wp\/v2\/product_cat?post=12213"},{"taxonomy":"product_tag","embeddable":true,"href":"https:\/\/reservedsection.com\/en\/wp-json\/wp\/v2\/product_tag?post=12213"},{"taxonomy":"location","embeddable":true,"href":"https:\/\/reservedsection.com\/en\/wp-json\/wp\/v2\/location?post=12213"},{"taxonomy":"event-position","embeddable":true,"href":"https:\/\/reservedsection.com\/en\/wp-json\/wp\/v2\/event-position?post=12213"},{"taxonomy":"teams","embeddable":true,"href":"https:\/\/reservedsection.com\/en\/wp-json\/wp\/v2\/teams?post=12213"},{"taxonomy":"venues","embeddable":true,"href":"https:\/\/reservedsection.com\/en\/wp-json\/wp\/v2\/venues?post=12213"},{"taxonomy":"event-tours","embeddable":true,"href":"https:\/\/reservedsection.com\/en\/wp-json\/wp\/v2\/event-tours?post=12213"},{"taxonomy":"event-tournaments","embeddable":true,"href":"https:\/\/reservedsection.com\/en\/wp-json\/wp\/v2\/event-tournaments?post=12213"}],"curies":[{"name":"wp","href":"https:\/\/api.w.org\/{rel}","templated":true}]}}