
{"id":12273,"date":"2025-11-05T13:05:54","date_gmt":"2025-11-05T13:05:54","guid":{"rendered":"https:\/\/reservedsection.com\/?post_type=product&#038;p=12273"},"modified":"2025-11-05T13:05:55","modified_gmt":"2025-11-05T13:05:55","slug":"derby-12-14-haziran-download-2026-festival","status":"publish","type":"product","link":"https:\/\/reservedsection.com\/en\/event\/derby-12-14-haziran-download-2026-festival\/","title":{"rendered":"Derby &#8211; 12-14 Haziran | Download 2026 Festival"},"content":{"rendered":"<p>Rock sahnesinin en b\u00fcy\u00fck \u00fc\u00e7 ismi bir arada: <strong>Guns N\u2019 Roses, Linkin Park<\/strong> ve <strong>Limp Bizkit<\/strong>, <strong>\u0130ngiltere\u2019nin Derby<\/strong> \u015fehrindeki efsanevi Donington Park\u2019ta d\u00fczenlenecek Download Festival 2026\u2019da sahne al\u0131yor. Festival 10-14 Haziran 2026 tarihleri aras\u0131nda ger\u00e7ekle\u015fiyor. \ufffc<\/p>\n<p>Bu dev etkinlikte \u00fc\u00e7 farkl\u0131 jenerasyondan gelen rock-ve-metal ikonlar\u0131 tek \u00e7at\u0131 alt\u0131nda bulu\u015fuyor. <strong>Guns N\u2019 Roses<\/strong>\u2019\u0131n zamans\u0131z rock klasi\u011fi, <strong>Linkin Park<\/strong>\u2019\u0131n nu-metal ve alternatif rock etkisi, <strong>Limp Bizkit<\/strong>\u2019in enerjik sahne performans\u0131\u2026 Hepsi efsane sahnelere al\u0131\u015fm\u0131\u015f dinleyicisine yeni ve unutulmaz bir deneyim sunmaya haz\u0131rlan\u0131yor.<\/p>\n<p>Bu \u00f6zel festivalde yer almak isteyenler i\u00e7in:<br \/>\n<strong>VIP paketleri<\/strong>, \u00f6zel alanlar ve <strong>g\u00fcvenli bilet<\/strong> temini i\u00e7in <strong>Reserved Section<\/strong> ayr\u0131cal\u0131\u011f\u0131yla sizinle. Premium konfor, ayr\u0131cal\u0131kl\u0131 alanlar ve sorunsuz rezervasyon s\u00fcreciyle biletinizi <strong>Reserved Section\u2019dan g\u00fcvenle al\u0131n.<\/strong><\/p>\n","protected":false},"excerpt":{"rendered":"<p>Rock sahnesinin en b\u00fcy\u00fck \u00fc\u00e7 ismi bir arada: Guns N\u2019 Roses, Linkin Park ve Limp Bizkit, \u0130ngiltere\u2019nin Derby \u015fehrindeki efsanevi Donington Park\u2019ta d\u00fczenlenecek Download Festival 2026\u2019da sahne al\u0131yor. Festival 10-14 Haziran 2026 tarihleri aras\u0131nda ger\u00e7ekle\u015fiyor. \ufffc Bu dev etkinlikte \u00fc\u00e7 farkl\u0131 jenerasyondan gelen rock-ve-metal ikonlar\u0131 tek \u00e7at\u0131 alt\u0131nda bulu\u015fuyor. Guns N\u2019 Roses\u2019\u0131n zamans\u0131z rock klasi\u011fi,&#8230;<\/p>\n","protected":false},"featured_media":12275,"comment_status":"open","ping_status":"closed","template":"","meta":{"_acf_changed":false},"product_brand":[],"product_cat":[9],"product_tag":[],"location":[],"event-position":[],"teams":[],"venues":[],"event-tours":[],"event-tournaments":[],"class_list":{"0":"post-12273","1":"product","2":"type-product","3":"status-publish","4":"has-post-thumbnail","6":"product_cat-concerts","8":"first","9":"instock","10":"taxable","11":"shipping-taxable","12":"product-type-simple"},"acf":[],"_links":{"self":[{"href":"https:\/\/reservedsection.com\/en\/wp-json\/wp\/v2\/product\/12273","targetHints":{"allow":["GET"]}}],"collection":[{"href":"https:\/\/reservedsection.com\/en\/wp-json\/wp\/v2\/product"}],"about":[{"href":"https:\/\/reservedsection.com\/en\/wp-json\/wp\/v2\/types\/product"}],"replies":[{"embeddable":true,"href":"https:\/\/reservedsection.com\/en\/wp-json\/wp\/v2\/comments?post=12273"}],"wp:featuredmedia":[{"embeddable":true,"href":"https:\/\/reservedsection.com\/en\/wp-json\/wp\/v2\/media\/12275"}],"wp:attachment":[{"href":"https:\/\/reservedsection.com\/en\/wp-json\/wp\/v2\/media?parent=12273"}],"wp:term":[{"taxonomy":"product_brand","embeddable":true,"href":"https:\/\/reservedsection.com\/en\/wp-json\/wp\/v2\/product_brand?post=12273"},{"taxonomy":"product_cat","embeddable":true,"href":"https:\/\/reservedsection.com\/en\/wp-json\/wp\/v2\/product_cat?post=12273"},{"taxonomy":"product_tag","embeddable":true,"href":"https:\/\/reservedsection.com\/en\/wp-json\/wp\/v2\/product_tag?post=12273"},{"taxonomy":"location","embeddable":true,"href":"https:\/\/reservedsection.com\/en\/wp-json\/wp\/v2\/location?post=12273"},{"taxonomy":"event-position","embeddable":true,"href":"https:\/\/reservedsection.com\/en\/wp-json\/wp\/v2\/event-position?post=12273"},{"taxonomy":"teams","embeddable":true,"href":"https:\/\/reservedsection.com\/en\/wp-json\/wp\/v2\/teams?post=12273"},{"taxonomy":"venues","embeddable":true,"href":"https:\/\/reservedsection.com\/en\/wp-json\/wp\/v2\/venues?post=12273"},{"taxonomy":"event-tours","embeddable":true,"href":"https:\/\/reservedsection.com\/en\/wp-json\/wp\/v2\/event-tours?post=12273"},{"taxonomy":"event-tournaments","embeddable":true,"href":"https:\/\/reservedsection.com\/en\/wp-json\/wp\/v2\/event-tournaments?post=12273"}],"curies":[{"name":"wp","href":"https:\/\/api.w.org\/{rel}","templated":true}]}}