
{"id":12278,"date":"2025-11-05T13:41:37","date_gmt":"2025-11-05T13:41:37","guid":{"rendered":"https:\/\/reservedsection.com\/?post_type=product&#038;p=12278"},"modified":"2025-11-11T21:46:48","modified_gmt":"2025-11-11T21:46:48","slug":"lizbon-21-haziran-linkin-park-from-zero-world-tour-2026","status":"publish","type":"product","link":"https:\/\/reservedsection.com\/en\/event\/lizbon-21-haziran-linkin-park-from-zero-world-tour-2026\/","title":{"rendered":"Lizbon &#8211; 21 Haziran | Linkin Park &#8211; From Zero World Tour 2026"},"content":{"rendered":"<p>D\u00fcnya rock sahnesinin en ikonik gruplar\u0131ndan Linkin Park, y\u0131llar sonra yeniden k\u00fcresel arenaya d\u00f6n\u00fcyor. Efsanevi sound\u2019u, duyguyu derinden i\u015fleyen s\u00f6zleri ve milyonlar\u0131 birle\u015ftiren enerjisiyle grup, <strong>\u201cFrom Zero World Tour 2026\u201d<\/strong> kapsam\u0131nda <strong>21\u00a0Haziran&#8217;da<\/strong> <strong>Lizbon&#8217;da<\/strong> sahne alacak. Hybrid Theory ve Meteora d\u00f6neminin unutulmaz par\u00e7alar\u0131ndan, yeni projelerine uzanan geni\u015f repertuar, g\u00fc\u00e7l\u00fc sahne performans\u0131 ve \u00f6zel prod\u00fcksiyonla birle\u015ferek Avrupa\u2019daki en heyecan verici konser deneyimlerinden birine d\u00f6n\u00fc\u015fecek.<\/p>\n<p>Bu tarihi geceye tan\u0131kl\u0131k etmek,<strong> Linkin Park\u2019\u0131<\/strong> yeniden canl\u0131 performansta izlemek ve b\u00fcy\u00fcleyici atmosferinde yerinizi almak i\u00e7in \u015fimdi haz\u0131r olun.<\/p>\n<p><strong>VIP <\/strong>ve <strong>g\u00fcvenli bilet<\/strong> ayr\u0131cal\u0131klar\u0131 i\u00e7in<strong> Reserved Section <\/strong>hizmetinizde.<br \/>\nKi\u015fiye \u00f6zel se\u00e7enekler, premium alanlar ve g\u00fcvenilir rezervasyon s\u00fcreciyle biletinizi Reserved Section \u00fczerinden ay\u0131rt\u0131n; bu unutulmaz konseri ayr\u0131cal\u0131klarla deneyimleyin.<\/p>\n","protected":false},"excerpt":{"rendered":"<p>D\u00fcnya rock sahnesinin en ikonik gruplar\u0131ndan Linkin Park, y\u0131llar sonra yeniden k\u00fcresel arenaya d\u00f6n\u00fcyor. Efsanevi sound\u2019u, duyguyu derinden i\u015fleyen s\u00f6zleri ve milyonlar\u0131 birle\u015ftiren enerjisiyle grup, \u201cFrom Zero World Tour 2026\u201d kapsam\u0131nda 21\u00a0Haziran&#8217;da Lizbon&#8217;da sahne alacak. Hybrid Theory ve Meteora d\u00f6neminin unutulmaz par\u00e7alar\u0131ndan, yeni projelerine uzanan geni\u015f repertuar, g\u00fc\u00e7l\u00fc sahne performans\u0131 ve \u00f6zel prod\u00fcksiyonla birle\u015ferek Avrupa\u2019daki&#8230;<\/p>\n","protected":false},"featured_media":12371,"comment_status":"open","ping_status":"closed","template":"","meta":{"_acf_changed":false},"product_brand":[],"product_cat":[9],"product_tag":[],"location":[],"event-position":[],"teams":[],"venues":[],"event-tours":[],"event-tournaments":[],"class_list":{"0":"post-12278","1":"product","2":"type-product","3":"status-publish","4":"has-post-thumbnail","6":"product_cat-concerts","8":"first","9":"instock","10":"taxable","11":"shipping-taxable","12":"product-type-simple"},"acf":[],"_links":{"self":[{"href":"https:\/\/reservedsection.com\/en\/wp-json\/wp\/v2\/product\/12278","targetHints":{"allow":["GET"]}}],"collection":[{"href":"https:\/\/reservedsection.com\/en\/wp-json\/wp\/v2\/product"}],"about":[{"href":"https:\/\/reservedsection.com\/en\/wp-json\/wp\/v2\/types\/product"}],"replies":[{"embeddable":true,"href":"https:\/\/reservedsection.com\/en\/wp-json\/wp\/v2\/comments?post=12278"}],"wp:featuredmedia":[{"embeddable":true,"href":"https:\/\/reservedsection.com\/en\/wp-json\/wp\/v2\/media\/12371"}],"wp:attachment":[{"href":"https:\/\/reservedsection.com\/en\/wp-json\/wp\/v2\/media?parent=12278"}],"wp:term":[{"taxonomy":"product_brand","embeddable":true,"href":"https:\/\/reservedsection.com\/en\/wp-json\/wp\/v2\/product_brand?post=12278"},{"taxonomy":"product_cat","embeddable":true,"href":"https:\/\/reservedsection.com\/en\/wp-json\/wp\/v2\/product_cat?post=12278"},{"taxonomy":"product_tag","embeddable":true,"href":"https:\/\/reservedsection.com\/en\/wp-json\/wp\/v2\/product_tag?post=12278"},{"taxonomy":"location","embeddable":true,"href":"https:\/\/reservedsection.com\/en\/wp-json\/wp\/v2\/location?post=12278"},{"taxonomy":"event-position","embeddable":true,"href":"https:\/\/reservedsection.com\/en\/wp-json\/wp\/v2\/event-position?post=12278"},{"taxonomy":"teams","embeddable":true,"href":"https:\/\/reservedsection.com\/en\/wp-json\/wp\/v2\/teams?post=12278"},{"taxonomy":"venues","embeddable":true,"href":"https:\/\/reservedsection.com\/en\/wp-json\/wp\/v2\/venues?post=12278"},{"taxonomy":"event-tours","embeddable":true,"href":"https:\/\/reservedsection.com\/en\/wp-json\/wp\/v2\/event-tours?post=12278"},{"taxonomy":"event-tournaments","embeddable":true,"href":"https:\/\/reservedsection.com\/en\/wp-json\/wp\/v2\/event-tournaments?post=12278"}],"curies":[{"name":"wp","href":"https:\/\/api.w.org\/{rel}","templated":true}]}}