
{"id":12358,"date":"2025-11-08T14:47:23","date_gmt":"2025-11-08T14:47:23","guid":{"rendered":"https:\/\/reservedsection.com\/?post_type=product&#038;p=12358"},"modified":"2025-11-11T20:39:36","modified_gmt":"2025-11-11T20:39:36","slug":"mexico-city-11-nisan-ac-dc-power-up-tour-2026","status":"publish","type":"product","link":"https:\/\/reservedsection.com\/en\/event\/mexico-city-11-nisan-ac-dc-power-up-tour-2026\/","title":{"rendered":"Mexico City &#8211; 11 Nisan | AC\/DC &#8211; Power Up Tour 2026"},"content":{"rendered":"<p>Rock efsanesi <strong>AC\/DC<\/strong>, sahne enerjisini Latin Amerika\u2019ya ta\u015f\u0131yor! <strong>\u00a0Power Up Tour 2026<\/strong> kapsam\u0131nda <strong>11\u00a0Nisan 2026\u2019da<\/strong> <strong>Mexico City\u2019de<\/strong>\u00a0verece\u011fi konser, grubun y\u0131llara meydan okuyan g\u00fcc\u00fcn\u00fc bir kez daha kan\u0131tlayacak. Angus Young\u2019un ikonik gitar sololar\u0131, Brian Johnson\u2019\u0131n efsane vokali ve grubun sars\u0131lmaz sahne karizmas\u0131yla, unutulmaz bir gece ya\u015fanacak.<\/p>\n<p><strong>Reserved Section<\/strong> ayr\u0131cal\u0131klar\u0131yla bu tarihi performans\u0131 en \u00f6zel \u015fekilde deneyimleyin \u2014 ayr\u0131cal\u0131kl\u0131 bilet kategorileri, premium alanlar ve benzersiz konfor sizi bekliyor.<\/p>\n","protected":false},"excerpt":{"rendered":"<p>Rock efsanesi AC\/DC, sahne enerjisini Latin Amerika\u2019ya ta\u015f\u0131yor! \u00a0Power Up Tour 2026 kapsam\u0131nda 11\u00a0Nisan 2026\u2019da Mexico City\u2019de\u00a0verece\u011fi konser, grubun y\u0131llara meydan okuyan g\u00fcc\u00fcn\u00fc bir kez daha kan\u0131tlayacak. Angus Young\u2019un ikonik gitar sololar\u0131, Brian Johnson\u2019\u0131n efsane vokali ve grubun sars\u0131lmaz sahne karizmas\u0131yla, unutulmaz bir gece ya\u015fanacak. Reserved Section ayr\u0131cal\u0131klar\u0131yla bu tarihi performans\u0131 en \u00f6zel \u015fekilde deneyimleyin&#8230;<\/p>\n","protected":false},"featured_media":12363,"comment_status":"open","ping_status":"closed","template":"","meta":{"_acf_changed":false},"product_brand":[],"product_cat":[9,349],"product_tag":[],"location":[],"event-position":[31],"teams":[],"venues":[],"event-tours":[],"event-tournaments":[],"class_list":{"0":"post-12358","1":"product","2":"type-product","3":"status-publish","4":"has-post-thumbnail","6":"product_cat-concerts","7":"product_cat-special_events","8":"event-position-top-event","10":"first","11":"instock","12":"taxable","13":"shipping-taxable","14":"product-type-simple"},"acf":[],"_links":{"self":[{"href":"https:\/\/reservedsection.com\/en\/wp-json\/wp\/v2\/product\/12358","targetHints":{"allow":["GET"]}}],"collection":[{"href":"https:\/\/reservedsection.com\/en\/wp-json\/wp\/v2\/product"}],"about":[{"href":"https:\/\/reservedsection.com\/en\/wp-json\/wp\/v2\/types\/product"}],"replies":[{"embeddable":true,"href":"https:\/\/reservedsection.com\/en\/wp-json\/wp\/v2\/comments?post=12358"}],"wp:featuredmedia":[{"embeddable":true,"href":"https:\/\/reservedsection.com\/en\/wp-json\/wp\/v2\/media\/12363"}],"wp:attachment":[{"href":"https:\/\/reservedsection.com\/en\/wp-json\/wp\/v2\/media?parent=12358"}],"wp:term":[{"taxonomy":"product_brand","embeddable":true,"href":"https:\/\/reservedsection.com\/en\/wp-json\/wp\/v2\/product_brand?post=12358"},{"taxonomy":"product_cat","embeddable":true,"href":"https:\/\/reservedsection.com\/en\/wp-json\/wp\/v2\/product_cat?post=12358"},{"taxonomy":"product_tag","embeddable":true,"href":"https:\/\/reservedsection.com\/en\/wp-json\/wp\/v2\/product_tag?post=12358"},{"taxonomy":"location","embeddable":true,"href":"https:\/\/reservedsection.com\/en\/wp-json\/wp\/v2\/location?post=12358"},{"taxonomy":"event-position","embeddable":true,"href":"https:\/\/reservedsection.com\/en\/wp-json\/wp\/v2\/event-position?post=12358"},{"taxonomy":"teams","embeddable":true,"href":"https:\/\/reservedsection.com\/en\/wp-json\/wp\/v2\/teams?post=12358"},{"taxonomy":"venues","embeddable":true,"href":"https:\/\/reservedsection.com\/en\/wp-json\/wp\/v2\/venues?post=12358"},{"taxonomy":"event-tours","embeddable":true,"href":"https:\/\/reservedsection.com\/en\/wp-json\/wp\/v2\/event-tours?post=12358"},{"taxonomy":"event-tournaments","embeddable":true,"href":"https:\/\/reservedsection.com\/en\/wp-json\/wp\/v2\/event-tournaments?post=12358"}],"curies":[{"name":"wp","href":"https:\/\/api.w.org\/{rel}","templated":true}]}}