
{"id":12426,"date":"2025-11-17T11:54:29","date_gmt":"2025-11-17T11:54:29","guid":{"rendered":"https:\/\/reservedsection.com\/?post_type=product&#038;p=12426"},"modified":"2025-11-17T11:54:29","modified_gmt":"2025-11-17T11:54:29","slug":"nanterre-04-temmuz-bad-bunny-debi-tirar-mas-fotos-world-tour-2026","status":"publish","type":"product","link":"https:\/\/reservedsection.com\/en\/event\/nanterre-04-temmuz-bad-bunny-debi-tirar-mas-fotos-world-tour-2026\/","title":{"rendered":"Nanterre &#8211; 04 Temmuz | Bad Bunny &#8211; Deb\u00ed Tirar M\u00e1s Fotos World Tour 2026"},"content":{"rendered":"<p>Latin trap ve reggaeton\u2019un s\u0131n\u0131rlar\u0131n\u0131 zorlayan, sahnedeki enerjisi ve \u00f6zg\u00fcn tarz\u0131yla milyonlar\u0131 pe\u015finden s\u00fcr\u00fckleyen <strong data-start=\"199\" data-end=\"212\">Bad Bunny<\/strong>, <strong>04 Temmuz 2026\u2019da Nanter&#8217;de<\/strong> hayranlar\u0131yla bulu\u015fuyor. D\u00fcnyay\u0131 etkisi alt\u0131na alan ritimleri, duygusal ge\u00e7i\u015fleri ve k\u00fclt\u00fcrel dokunu\u015flar\u0131yla her performans\u0131n\u0131 unutulmaz bir deneyime d\u00f6n\u00fc\u015ft\u00fcren Bad Bunny, bu \u00f6zel gecede Nanter&#8217;in b\u00fcy\u00fcleyici atmosferine benzersiz bir Latin ate\u015fi ta\u015f\u0131yacak. E\u011fer bu gecenin bir par\u00e7as\u0131 olmak istiyorsan\u0131z, <strong data-start=\"553\" data-end=\"704\">VIP bilet ayr\u0131cal\u0131klar\u0131yla en se\u00e7kin koltuklar\u0131n\u0131z\u0131 Reserved Section \u00fczerinden ay\u0131rtabilir, size \u00f6zel prestijli deneyimin keyfini \u00e7\u0131karabilirsiniz.<\/strong><\/p>\n","protected":false},"excerpt":{"rendered":"<p>Latin trap ve reggaeton\u2019un s\u0131n\u0131rlar\u0131n\u0131 zorlayan, sahnedeki enerjisi ve \u00f6zg\u00fcn tarz\u0131yla milyonlar\u0131 pe\u015finden s\u00fcr\u00fckleyen Bad Bunny, 04 Temmuz 2026\u2019da Nanter&#8217;de hayranlar\u0131yla bulu\u015fuyor. D\u00fcnyay\u0131 etkisi alt\u0131na alan ritimleri, duygusal ge\u00e7i\u015fleri ve k\u00fclt\u00fcrel dokunu\u015flar\u0131yla her performans\u0131n\u0131 unutulmaz bir deneyime d\u00f6n\u00fc\u015ft\u00fcren Bad Bunny, bu \u00f6zel gecede Nanter&#8217;in b\u00fcy\u00fcleyici atmosferine benzersiz bir Latin ate\u015fi ta\u015f\u0131yacak. E\u011fer bu gecenin bir&#8230;<\/p>\n","protected":false},"featured_media":12396,"comment_status":"open","ping_status":"closed","template":"","meta":{"_acf_changed":false},"product_brand":[],"product_cat":[539,9],"product_tag":[],"location":[],"event-position":[],"teams":[],"venues":[],"event-tours":[],"event-tournaments":[],"class_list":{"0":"post-12426","1":"product","2":"type-product","3":"status-publish","4":"has-post-thumbnail","6":"product_cat-all-events","7":"product_cat-concerts","9":"first","10":"instock","11":"taxable","12":"shipping-taxable","13":"product-type-simple"},"acf":[],"_links":{"self":[{"href":"https:\/\/reservedsection.com\/en\/wp-json\/wp\/v2\/product\/12426","targetHints":{"allow":["GET"]}}],"collection":[{"href":"https:\/\/reservedsection.com\/en\/wp-json\/wp\/v2\/product"}],"about":[{"href":"https:\/\/reservedsection.com\/en\/wp-json\/wp\/v2\/types\/product"}],"replies":[{"embeddable":true,"href":"https:\/\/reservedsection.com\/en\/wp-json\/wp\/v2\/comments?post=12426"}],"wp:featuredmedia":[{"embeddable":true,"href":"https:\/\/reservedsection.com\/en\/wp-json\/wp\/v2\/media\/12396"}],"wp:attachment":[{"href":"https:\/\/reservedsection.com\/en\/wp-json\/wp\/v2\/media?parent=12426"}],"wp:term":[{"taxonomy":"product_brand","embeddable":true,"href":"https:\/\/reservedsection.com\/en\/wp-json\/wp\/v2\/product_brand?post=12426"},{"taxonomy":"product_cat","embeddable":true,"href":"https:\/\/reservedsection.com\/en\/wp-json\/wp\/v2\/product_cat?post=12426"},{"taxonomy":"product_tag","embeddable":true,"href":"https:\/\/reservedsection.com\/en\/wp-json\/wp\/v2\/product_tag?post=12426"},{"taxonomy":"location","embeddable":true,"href":"https:\/\/reservedsection.com\/en\/wp-json\/wp\/v2\/location?post=12426"},{"taxonomy":"event-position","embeddable":true,"href":"https:\/\/reservedsection.com\/en\/wp-json\/wp\/v2\/event-position?post=12426"},{"taxonomy":"teams","embeddable":true,"href":"https:\/\/reservedsection.com\/en\/wp-json\/wp\/v2\/teams?post=12426"},{"taxonomy":"venues","embeddable":true,"href":"https:\/\/reservedsection.com\/en\/wp-json\/wp\/v2\/venues?post=12426"},{"taxonomy":"event-tours","embeddable":true,"href":"https:\/\/reservedsection.com\/en\/wp-json\/wp\/v2\/event-tours?post=12426"},{"taxonomy":"event-tournaments","embeddable":true,"href":"https:\/\/reservedsection.com\/en\/wp-json\/wp\/v2\/event-tournaments?post=12426"}],"curies":[{"name":"wp","href":"https:\/\/api.w.org\/{rel}","templated":true}]}}