
{"id":12506,"date":"2025-11-26T10:51:48","date_gmt":"2025-11-26T10:51:48","guid":{"rendered":"https:\/\/reservedsection.com\/?post_type=product&#038;p=12506"},"modified":"2025-11-26T10:51:48","modified_gmt":"2025-11-26T10:51:48","slug":"budapeste-11-haziran-metallica-m72-world-tour-2026","status":"publish","type":"product","link":"https:\/\/reservedsection.com\/en\/event\/budapeste-11-haziran-metallica-m72-world-tour-2026\/","title":{"rendered":"Budape\u015fte &#8211; 11 Haziran | Metallica &#8211; M72 World Tour 2026"},"content":{"rendered":"<p data-start=\"206\" data-end=\"482\">Metal m\u00fczi\u011fin tart\u0131\u015fmas\u0131z lideri <strong data-start=\"239\" data-end=\"252\">Metallica<\/strong>, 2026\u2019da Avrupa\u2019y\u0131 yeniden sarsmaya haz\u0131rlan\u0131yor. Dev turne kapsam\u0131nda <strong>BUDAPE\u015eTE<\/strong> sahnesi, efsanenin y\u0131llara meydan okuyan g\u00fcc\u00fcne, \u00e7elik gibi ritimlerine ve milyonlar\u0131 aya\u011fa kald\u0131ran o benzersiz sound\u2019a ev sahipli\u011fi yapacak.<\/p>\n<p data-start=\"484\" data-end=\"750\">\u201cEnter Sandman\u201d, \u201cMaster of Puppets\u201d, \u201cNothing Else Matters\u201d gibi zamans\u0131z eserler; dev prod\u00fcksiyon, \u00e7arp\u0131c\u0131 \u0131\u015f\u0131k \u015fovlar\u0131 ve kusursuz sahne hakimiyetiyle bulu\u015farak unutulmaz bir deneyim yaratacak.<br data-start=\"680\" data-end=\"683\" \/>Bu turne bir konser de\u011fil \u2014 <strong data-start=\"711\" data-end=\"750\">Metallica evrenine a\u00e7\u0131lan bir kap\u0131.<\/strong><\/p>\n<p data-start=\"752\" data-end=\"825\">Sahnede g\u00fc\u00e7, ritim ve tarih var.<br data-start=\"784\" data-end=\"787\" \/>Sana d\u00fc\u015fen sadece o an\u0131n i\u00e7inde olmak.<\/p>\n<hr data-start=\"827\" data-end=\"830\" \/>\n<p data-start=\"875\" data-end=\"1069\"><strong>Metallica<\/strong>\u2019y\u0131 en ayr\u0131cal\u0131kl\u0131 deneyimle izlemek isteyenler i\u00e7in <strong data-start=\"937\" data-end=\"957\">Reserved Section<\/strong>, t\u00fcm Avrupa duraklar\u0131nda <strong>VIP bilet<\/strong> eri\u015fimi sunuyor. <strong>Yeriniz t\u00fckenmeden ay\u0131rt\u0131n<\/strong>; bu unutulmaz anlar\u0131 ka\u00e7\u0131rmay\u0131n.<\/p>\n","protected":false},"excerpt":{"rendered":"<p>Metal m\u00fczi\u011fin tart\u0131\u015fmas\u0131z lideri Metallica, 2026\u2019da Avrupa\u2019y\u0131 yeniden sarsmaya haz\u0131rlan\u0131yor. Dev turne kapsam\u0131nda BUDAPE\u015eTE sahnesi, efsanenin y\u0131llara meydan okuyan g\u00fcc\u00fcne, \u00e7elik gibi ritimlerine ve milyonlar\u0131 aya\u011fa kald\u0131ran o benzersiz sound\u2019a ev sahipli\u011fi yapacak. \u201cEnter Sandman\u201d, \u201cMaster of Puppets\u201d, \u201cNothing Else Matters\u201d gibi zamans\u0131z eserler; dev prod\u00fcksiyon, \u00e7arp\u0131c\u0131 \u0131\u015f\u0131k \u015fovlar\u0131 ve kusursuz sahne hakimiyetiyle bulu\u015farak unutulmaz&#8230;<\/p>\n","protected":false},"featured_media":12449,"comment_status":"open","ping_status":"closed","template":"","meta":{"_acf_changed":false},"product_brand":[],"product_cat":[539,9],"product_tag":[],"location":[],"event-position":[],"teams":[],"venues":[],"event-tours":[],"event-tournaments":[],"class_list":{"0":"post-12506","1":"product","2":"type-product","3":"status-publish","4":"has-post-thumbnail","6":"product_cat-all-events","7":"product_cat-concerts","9":"first","10":"instock","11":"taxable","12":"shipping-taxable","13":"product-type-simple"},"acf":[],"_links":{"self":[{"href":"https:\/\/reservedsection.com\/en\/wp-json\/wp\/v2\/product\/12506","targetHints":{"allow":["GET"]}}],"collection":[{"href":"https:\/\/reservedsection.com\/en\/wp-json\/wp\/v2\/product"}],"about":[{"href":"https:\/\/reservedsection.com\/en\/wp-json\/wp\/v2\/types\/product"}],"replies":[{"embeddable":true,"href":"https:\/\/reservedsection.com\/en\/wp-json\/wp\/v2\/comments?post=12506"}],"wp:featuredmedia":[{"embeddable":true,"href":"https:\/\/reservedsection.com\/en\/wp-json\/wp\/v2\/media\/12449"}],"wp:attachment":[{"href":"https:\/\/reservedsection.com\/en\/wp-json\/wp\/v2\/media?parent=12506"}],"wp:term":[{"taxonomy":"product_brand","embeddable":true,"href":"https:\/\/reservedsection.com\/en\/wp-json\/wp\/v2\/product_brand?post=12506"},{"taxonomy":"product_cat","embeddable":true,"href":"https:\/\/reservedsection.com\/en\/wp-json\/wp\/v2\/product_cat?post=12506"},{"taxonomy":"product_tag","embeddable":true,"href":"https:\/\/reservedsection.com\/en\/wp-json\/wp\/v2\/product_tag?post=12506"},{"taxonomy":"location","embeddable":true,"href":"https:\/\/reservedsection.com\/en\/wp-json\/wp\/v2\/location?post=12506"},{"taxonomy":"event-position","embeddable":true,"href":"https:\/\/reservedsection.com\/en\/wp-json\/wp\/v2\/event-position?post=12506"},{"taxonomy":"teams","embeddable":true,"href":"https:\/\/reservedsection.com\/en\/wp-json\/wp\/v2\/teams?post=12506"},{"taxonomy":"venues","embeddable":true,"href":"https:\/\/reservedsection.com\/en\/wp-json\/wp\/v2\/venues?post=12506"},{"taxonomy":"event-tours","embeddable":true,"href":"https:\/\/reservedsection.com\/en\/wp-json\/wp\/v2\/event-tours?post=12506"},{"taxonomy":"event-tournaments","embeddable":true,"href":"https:\/\/reservedsection.com\/en\/wp-json\/wp\/v2\/event-tournaments?post=12506"}],"curies":[{"name":"wp","href":"https:\/\/api.w.org\/{rel}","templated":true}]}}