
{"id":2911,"date":"2023-10-20T11:59:15","date_gmt":"2023-10-20T11:59:15","guid":{"rendered":"https:\/\/reservedsection.com\/services\/"},"modified":"2024-03-18T09:01:18","modified_gmt":"2024-03-18T09:01:18","slug":"servicios","status":"publish","type":"page","link":"https:\/\/reservedsection.com\/es\/servicios\/","title":{"rendered":"Servicios"},"content":{"rendered":"<section class=\"l-section wpb_row height_medium color_alternate\"><div class=\"l-section-h i-cf\"><div class=\"g-cols vc_row via_grid cols_1 laptops-cols_inherit tablets-cols_inherit mobiles-cols_1 valign_top type_default stacking_default\"><div class=\"wpb_column vc_column_container\"><div class=\"vc_column-inner\"><div class=\"w-grid us_grid type_grid layout_63 cols_2 preload_style_spinner ratio_3x2\" id=\"us_grid_1\" style=\"--columns:2;--gap:0.5rem;--item-ratio:0.66667;\"><style>@media (max-width:600px){#us_grid_1{--columns:1!important}}.layout_63 .w-grid-item-h{background:#333;border-radius:0.3rem}.layout_63 .usg_post_image_1{transition-duration:0.35s}.layout_63 .w-grid-item-h:focus-within .usg_post_image_1,.layout_63 .w-grid-item-h:hover .usg_post_image_1{opacity:0.1}.layout_63 .usg_post_content_1{transition-duration:0.3s;transform-origin:50% 50%;transform:scale(0.9) translate(0%,0%);opacity:0}.layout_63 .w-grid-item-h:focus-within .usg_post_content_1,.layout_63 .w-grid-item-h:hover .usg_post_content_1{transform:scale(1) translate(0%,0%);opacity:1}.layout_63 .usg_post_image_1{position:absolute!important;top:0!important;right:0!important;bottom:0!important;left:0!important}.layout_63 .usg_vwrapper_1{position:absolute!important;left:0!important;top:0!important;bottom:0!important;right:0!important;background:linear-gradient(transparent,rgba(30,30,30,0.8))!important;padding:2rem 2rem 1.5rem 2rem!important}.layout_63 .usg_post_title_1{color:#fff!important;font-size:1.2rem!important}.layout_63 .usg_post_content_1{color:#ffffff!important}@media (min-width:1025px) and (max-width:1380px){.layout_63 .usg_post_content_1{color:#ffffff!important}}@media (min-width:601px) and (max-width:1024px){.layout_63 .usg_post_content_1{color:#ffffff!important}}@media (max-width:600px){.layout_63 .usg_post_content_1{color:#ffffff!important;font-size:0.8rem!important}}<\/style><div class=\"w-grid-list\">\t<article class=\"w-grid-item size_1x1 post-2915 service type-service status-publish has-post-thumbnail hentry\" data-id=\"2915\">\r\n\t\t<div class=\"w-grid-item-h\">\r\n\t\t\t\t\t\t\t<a href=\"https:\/\/reservedsection.com\/es\/service\/campamentos\/\" class=\"w-grid-item-anchor\" aria-label=\"Campamentos\"><\/a>\r\n\t\t\t\t\t\t<div class=\"w-post-elm post_image usg_post_image_1 stretched\"><img loading=\"lazy\" decoding=\"async\" width=\"1024\" height=\"582\" src=\"https:\/\/reservedsection.com\/wp-content\/uploads\/2023\/10\/Camps-1024x582.jpeg\" class=\"attachment-large size-large wp-post-image\" alt=\"\" srcset=\"https:\/\/reservedsection.com\/wp-content\/uploads\/2023\/10\/Camps-1024x582.jpeg 1024w, https:\/\/reservedsection.com\/wp-content\/uploads\/2023\/10\/Camps-scaled-600x341.jpeg 600w, https:\/\/reservedsection.com\/wp-content\/uploads\/2023\/10\/Camps-300x171.jpeg 300w\" sizes=\"auto, (max-width: 1024px) 100vw, 1024px\" \/><\/div><div class=\"w-vwrapper usg_vwrapper_1\"><h2 class=\"w-post-elm post_title usg_post_title_1 has_text_color entry-title color_link_inherit\">Campamentos<\/h2><div class=\"w-post-elm post_content usg_post_content_1 has_text_color\"><p>Eleva a los j\u00f3venes talentos a nivel mundial con capacitaci\u00f3n de primer nivel inspirada en clubes deportivos de renombre, formando a futuros campeones.<\/p>\n<\/div><\/div>\t\t<\/div>\r\n\t\t\t<\/article>\r\n\t<article class=\"w-grid-item size_1x1 post-2955 page type-page status-publish has-post-thumbnail hentry\" data-id=\"2955\">\r\n\t\t<div class=\"w-grid-item-h\">\r\n\t\t\t\t\t\t\t<a href=\"https:\/\/reservedsection.com\/es\/eventos\/\" class=\"w-grid-item-anchor\" aria-label=\"Eventos\"><\/a>\r\n\t\t\t\t\t\t<div class=\"w-post-elm post_image usg_post_image_1 stretched\"><img loading=\"lazy\" decoding=\"async\" width=\"1024\" height=\"683\" src=\"https:\/\/reservedsection.com\/wp-content\/uploads\/2024\/03\/Events-1024x683.jpeg\" class=\"attachment-large size-large wp-post-image\" alt=\"\" srcset=\"https:\/\/reservedsection.com\/wp-content\/uploads\/2024\/03\/Events-1024x683.jpeg 1024w, https:\/\/reservedsection.com\/wp-content\/uploads\/2024\/03\/Events-scaled-600x400.jpeg 600w, https:\/\/reservedsection.com\/wp-content\/uploads\/2024\/03\/Events-300x200.jpeg 300w\" sizes=\"auto, (max-width: 1024px) 100vw, 1024px\" \/><\/div><div class=\"w-vwrapper usg_vwrapper_1\"><h2 class=\"w-post-elm post_title usg_post_title_1 has_text_color entry-title color_link_inherit\">Eventos<\/h2><div class=\"w-post-elm post_content usg_post_content_1 has_text_color\"><p>La escapada a una variada gama de experiencias de primer nivel, que abarcan eventos deportivos, culturales y premium como torneos de f\u00fatbol, giras de conciertos y cualquier otro tipo de actividades.<\/p>\n<\/div><\/div>\t\t<\/div>\r\n\t\t\t<\/article>\r\n<\/div>\t<div class=\"w-grid-preloader\">\r\n\t\t<div class=\"g-preloader type_1\">\r\n\t\t\t<div><\/div>\r\n\t\t<\/div>\r\n\t<\/div>\r\n\t\t<div class=\"w-grid-json hidden\" onclick='return {&quot;action&quot;:&quot;us_ajax_grid&quot;,&quot;infinite_scroll&quot;:0,&quot;max_num_pages&quot;:1,&quot;pagination&quot;:&quot;none&quot;,&quot;template_vars&quot;:{&quot;columns&quot;:&quot;2&quot;,&quot;exclude_items&quot;:&quot;none&quot;,&quot;img_size&quot;:&quot;default&quot;,&quot;ignore_items_size&quot;:0,&quot;items_layout&quot;:&quot;63&quot;,&quot;items_offset&quot;:&quot;1&quot;,&quot;load_animation&quot;:&quot;none&quot;,&quot;overriding_link&quot;:&quot;%7B%22type%22%3A%22post%22%7D&quot;,&quot;post_id&quot;:0,&quot;query_args&quot;:{&quot;ignore_sticky_posts&quot;:1,&quot;post_type&quot;:&quot;any&quot;,&quot;post__in&quot;:[&quot;34&quot;,&quot;86&quot;],&quot;tax_query&quot;:[{&quot;taxonomy&quot;:&quot;product_visibility&quot;,&quot;field&quot;:&quot;slug&quot;,&quot;terms&quot;:[&quot;exclude-from-catalog&quot;],&quot;operator&quot;:&quot;NOT IN&quot;}],&quot;posts_per_page&quot;:&quot;10&quot;},&quot;orderby_query_args&quot;:{&quot;orderby&quot;:{&quot;menu_order&quot;:&quot;ASC&quot;},&quot;order&quot;:&quot;ASC&quot;},&quot;type&quot;:&quot;grid&quot;,&quot;us_grid_post_type&quot;:&quot;ids&quot;,&quot;us_grid_ajax_index&quot;:1,&quot;us_grid_filter_query_string&quot;:null,&quot;us_grid_index&quot;:1,&quot;page_args&quot;:[],&quot;lang&quot;:&quot;es&quot;}}'><\/div>\r\n\t<\/div><div class=\"w-grid us_grid type_grid layout_63 cols_3 preload_style_spinner ratio_3x2\" id=\"us_grid_2\" style=\"--columns:3;--gap:0.5rem;--item-ratio:0.66667;\"><style>@media (max-width:1024px){#us_grid_2{--columns:2!important}}@media (max-width:600px){#us_grid_2{--columns:1!important}}<\/style><div class=\"w-grid-list\">\t<article class=\"w-grid-item size_1x1 post-2951 service type-service status-publish has-post-thumbnail hentry\" data-id=\"2951\">\r\n\t\t<div class=\"w-grid-item-h\">\r\n\t\t\t\t\t\t\t<a href=\"https:\/\/reservedsection.com\/es\/service\/corporate-hospitality\/\" class=\"w-grid-item-anchor\" aria-label=\"Hospitalidad Corporativa\"><\/a>\r\n\t\t\t\t\t\t<div class=\"w-post-elm post_image usg_post_image_1 stretched\"><img loading=\"lazy\" decoding=\"async\" width=\"1024\" height=\"683\" src=\"https:\/\/reservedsection.com\/wp-content\/uploads\/2023\/10\/Corporate-Hospitality-1024x683.jpg\" class=\"attachment-large size-large wp-post-image\" alt=\"\" srcset=\"https:\/\/reservedsection.com\/wp-content\/uploads\/2023\/10\/Corporate-Hospitality-1024x683.jpg 1024w, https:\/\/reservedsection.com\/wp-content\/uploads\/2023\/10\/Corporate-Hospitality-scaled-600x400.jpg 600w, https:\/\/reservedsection.com\/wp-content\/uploads\/2023\/10\/Corporate-Hospitality-300x200.jpg 300w\" sizes=\"auto, (max-width: 1024px) 100vw, 1024px\" \/><\/div><div class=\"w-vwrapper usg_vwrapper_1\"><h2 class=\"w-post-elm post_title usg_post_title_1 has_text_color entry-title color_link_inherit\">Hospitalidad Corporativa<\/h2><div class=\"w-post-elm post_content usg_post_content_1 has_text_color\"><p>Las formas m\u00e1s efectivas de profundizar las relaciones profesionales. Pasa tiempo de calidad con los clientes en un ambiente informal en un evento con una experiencia inolvidable.<\/p>\n<\/div><\/div>\t\t<\/div>\r\n\t\t\t<\/article>\r\n\t<article class=\"w-grid-item size_1x1 post-2939 service type-service status-publish has-post-thumbnail hentry\" data-id=\"2939\">\r\n\t\t<div class=\"w-grid-item-h\">\r\n\t\t\t\t\t\t\t<a href=\"https:\/\/reservedsection.com\/es\/service\/alojamiento\/\" class=\"w-grid-item-anchor\" aria-label=\"Alojamiento\"><\/a>\r\n\t\t\t\t\t\t<div class=\"w-post-elm post_image usg_post_image_1 stretched\"><img loading=\"lazy\" decoding=\"async\" width=\"1024\" height=\"683\" src=\"https:\/\/reservedsection.com\/wp-content\/uploads\/2023\/10\/Accomodation-1024x683.jpg\" class=\"attachment-large size-large wp-post-image\" alt=\"\" srcset=\"https:\/\/reservedsection.com\/wp-content\/uploads\/2023\/10\/Accomodation-1024x683.jpg 1024w, https:\/\/reservedsection.com\/wp-content\/uploads\/2023\/10\/Accomodation-scaled-600x400.jpg 600w, https:\/\/reservedsection.com\/wp-content\/uploads\/2023\/10\/Accomodation-300x200.jpg 300w\" sizes=\"auto, (max-width: 1024px) 100vw, 1024px\" \/><\/div><div class=\"w-vwrapper usg_vwrapper_1\"><h2 class=\"w-post-elm post_title usg_post_title_1 has_text_color entry-title color_link_inherit\">Alojamiento<\/h2><div class=\"w-post-elm post_content usg_post_content_1 has_text_color\"><p>Secci\u00f3n para encontrar opciones c\u00f3modas de alojamiento en la ciudad del evento. Simplifica el proceso de conseguir un lugar para quedarse durante tu visita, mejorando la experiencia de tu evento.<\/p>\n<\/div><\/div>\t\t<\/div>\r\n\t\t\t<\/article>\r\n\t<article class=\"w-grid-item size_1x1 post-2921 service type-service status-publish has-post-thumbnail hentry\" data-id=\"2921\">\r\n\t\t<div class=\"w-grid-item-h\">\r\n\t\t\t\t\t\t\t<a href=\"https:\/\/reservedsection.com\/es\/service\/transferencia-vip\/\" class=\"w-grid-item-anchor\" aria-label=\"Transferencia VIP\"><\/a>\r\n\t\t\t\t\t\t<div class=\"w-post-elm post_image usg_post_image_1 stretched\"><img loading=\"lazy\" decoding=\"async\" width=\"1024\" height=\"700\" src=\"https:\/\/reservedsection.com\/wp-content\/uploads\/2023\/10\/Transportation-1024x700.jpg\" class=\"attachment-large size-large wp-post-image\" alt=\"\" srcset=\"https:\/\/reservedsection.com\/wp-content\/uploads\/2023\/10\/Transportation-1024x700.jpg 1024w, https:\/\/reservedsection.com\/wp-content\/uploads\/2023\/10\/Transportation-scaled-600x410.jpg 600w, https:\/\/reservedsection.com\/wp-content\/uploads\/2023\/10\/Transportation-300x205.jpg 300w\" sizes=\"auto, (max-width: 1024px) 100vw, 1024px\" \/><\/div><div class=\"w-vwrapper usg_vwrapper_1\"><h2 class=\"w-post-elm post_title usg_post_title_1 has_text_color entry-title color_link_inherit\">Transferencia VIP<\/h2><div class=\"w-post-elm post_content usg_post_content_1 has_text_color\"><p>Un servicio exclusivo de transporte desde\/hacia el aeropuerto, lugar de eventos, hotel, etc. con coches de lujo y conductores profesionales, garantizando un viaje c\u00f3modo y con estilo.<\/p>\n<\/div><\/div>\t\t<\/div>\r\n\t\t\t<\/article>\r\n<\/div>\t<div class=\"w-grid-preloader\">\r\n\t\t<div class=\"g-preloader type_1\">\r\n\t\t\t<div><\/div>\r\n\t\t<\/div>\r\n\t<\/div>\r\n\t\t<div class=\"w-grid-json hidden\" onclick='return {&quot;action&quot;:&quot;us_ajax_grid&quot;,&quot;infinite_scroll&quot;:0,&quot;max_num_pages&quot;:1,&quot;pagination&quot;:&quot;none&quot;,&quot;template_vars&quot;:{&quot;columns&quot;:&quot;3&quot;,&quot;exclude_items&quot;:&quot;none&quot;,&quot;img_size&quot;:&quot;default&quot;,&quot;ignore_items_size&quot;:0,&quot;items_layout&quot;:&quot;63&quot;,&quot;items_offset&quot;:&quot;1&quot;,&quot;load_animation&quot;:&quot;none&quot;,&quot;overriding_link&quot;:&quot;%7B%22type%22%3A%22post%22%7D&quot;,&quot;post_id&quot;:0,&quot;query_args&quot;:{&quot;ignore_sticky_posts&quot;:1,&quot;post_type&quot;:&quot;any&quot;,&quot;post__in&quot;:[&quot;84&quot;,&quot;83&quot;,&quot;85&quot;],&quot;tax_query&quot;:[{&quot;taxonomy&quot;:&quot;product_visibility&quot;,&quot;field&quot;:&quot;slug&quot;,&quot;terms&quot;:[&quot;exclude-from-catalog&quot;],&quot;operator&quot;:&quot;NOT IN&quot;}],&quot;posts_per_page&quot;:&quot;10&quot;},&quot;orderby_query_args&quot;:{&quot;orderby&quot;:{&quot;date&quot;:&quot;DESC&quot;}},&quot;type&quot;:&quot;grid&quot;,&quot;us_grid_post_type&quot;:&quot;ids&quot;,&quot;us_grid_ajax_index&quot;:2,&quot;us_grid_filter_query_string&quot;:null,&quot;us_grid_index&quot;:2,&quot;page_args&quot;:[],&quot;lang&quot;:&quot;es&quot;}}'><\/div>\r\n\t<\/div><\/div><\/div><\/div><\/div><\/section>\n","protected":false},"excerpt":{"rendered":"Consigue una cotizaci\u00f3n Cu\u00e9ntanos tu solicitud de reserva en detalle. Obten un precio y reserva un traslado Haz el PagoElige uno de los m\u00e9todos de pago y paga antes del viaje. Prep\u00e1rese para el viaje por carreteraSu conductor lo recoger\u00e1 en el lugar que haya indicado. Reserved Section es tu socio de transporte confiable para...","protected":false},"author":2,"featured_media":2873,"parent":0,"menu_order":0,"comment_status":"closed","ping_status":"closed","template":"","meta":{"_acf_changed":false,"footnotes":""},"class_list":["post-2911","page","type-page","status-publish","has-post-thumbnail","hentry"],"acf":[],"_links":{"self":[{"href":"https:\/\/reservedsection.com\/es\/wp-json\/wp\/v2\/pages\/2911","targetHints":{"allow":["GET"]}}],"collection":[{"href":"https:\/\/reservedsection.com\/es\/wp-json\/wp\/v2\/pages"}],"about":[{"href":"https:\/\/reservedsection.com\/es\/wp-json\/wp\/v2\/types\/page"}],"author":[{"embeddable":true,"href":"https:\/\/reservedsection.com\/es\/wp-json\/wp\/v2\/users\/2"}],"replies":[{"embeddable":true,"href":"https:\/\/reservedsection.com\/es\/wp-json\/wp\/v2\/comments?post=2911"}],"version-history":[{"count":0,"href":"https:\/\/reservedsection.com\/es\/wp-json\/wp\/v2\/pages\/2911\/revisions"}],"wp:featuredmedia":[{"embeddable":true,"href":"https:\/\/reservedsection.com\/es\/wp-json\/wp\/v2\/media\/2873"}],"wp:attachment":[{"href":"https:\/\/reservedsection.com\/es\/wp-json\/wp\/v2\/media?parent=2911"}],"curies":[{"name":"wp","href":"https:\/\/api.w.org\/{rel}","templated":true}]}}