
{"id":2963,"date":"2023-10-20T11:59:26","date_gmt":"2023-10-20T11:59:26","guid":{"rendered":"https:\/\/reservedsection.com\/testimonials\/"},"modified":"2023-10-20T11:59:26","modified_gmt":"2023-10-20T11:59:26","slug":"testimonials","status":"publish","type":"page","link":"https:\/\/reservedsection.com\/es\/testimonials\/","title":{"rendered":"Testimonials"},"content":{"rendered":"<section class=\"l-section wpb_row height_medium\" id=\"testimonial\"><div class=\"l-section-h i-cf\"><div class=\"g-cols vc_row via_grid cols_1 laptops-cols_inherit tablets-cols_inherit mobiles-cols_1 valign_top type_default stacking_default\"><div class=\"wpb_column vc_column_container\"><div class=\"vc_column-inner\"><h2 class=\"w-text\"><span class=\"w-text-h\"><span class=\"w-text-value\">Testimonial<\/span><\/span><\/h2><div class=\"w-grid us_grid type_grid layout_70 cols_1 preload_style_spinner\" id=\"us_grid_1\" style=\"--columns:1;--gap:1.5rem;\" data-filterable=\"true\"><style>.layout_70 .w-grid-item-h{}.layout_70 .usg_post_custom_field_1{font-size:1.5rem!important;line-height:1.5!important;font-weight:700!important;margin-bottom:0!important}.layout_70 .usg_hwrapper_2{padding-left:8rem!important;padding-right:8rem!important}.layout_70 .usg_post_image_2{width:300px!important;height:300px!important}.layout_70 .usg_text_1{font-size:2rem!important;margin-left:-70px!important}@media (min-width:1025px) and (max-width:1380px){.layout_70 .usg_hwrapper_2{padding-left:8rem!important;padding-right:8rem!important}.layout_70 .usg_post_image_2{width:300px!important;height:300px!important}.layout_70 .usg_text_1{margin-left:-70px!important}}@media (min-width:601px) and (max-width:1024px){.layout_70 .usg_hwrapper_2{padding-left:1rem!important;padding-right:1rem!important}.layout_70 .usg_post_image_2{width:100px!important;height:100px!important}.layout_70 .usg_text_1{margin-left:-70px!important}}@media (max-width:600px){.layout_70 .usg_hwrapper_2{padding-left:1rem!important;padding-right:1rem!important}.layout_70 .usg_post_image_2{width:100px!important;height:100px!important}.layout_70 .usg_text_1{margin-left:0.5rem!important}}<\/style><div class=\"w-grid-list\">\t<article class=\"w-grid-item size_1x1 post-2965 us_testimonial type-us_testimonial status-publish has-post-thumbnail hentry\" data-id=\"2965\">\r\n\t\t<div class=\"w-grid-item-h\">\r\n\t\t\t\t\t\t<div class=\"w-hwrapper usg_hwrapper_2 default_align_none laptops_align_none tablets_align_none mobiles_align_none valign_middle stack_on_mobiles\" style=\"--hwrapper-gap:1rem\"><div class=\"w-vwrapper usg_vwrapper_2 align_none valign_middle\"><div class=\"w-text usg_text_1 no_text icon_atleft\"><span class=\"w-text-h\"><i class=\"fas fa-quote-left\"><\/i><span class=\"w-text-value\"><\/span><\/span><\/div><div class=\"w-post-elm post_content usg_post_content_1\"><p>Como Madridista de toda la vida, no puedo creer que ver un partido en el Bernabeu sea tan f\u00e1cil. Consegu\u00ed entradas para el mejor partido de mi vida y todo el proceso fue muy sencillo. El servicio fue incre\u00edble y tuve una experiencia inolvidable. \u00a1Gracias al equipo de la Reserved Section por hacer real mi sue\u00f1o.! <\/p>\n<\/div><div class=\"w-post-elm post_custom_field usg_post_custom_field_1 type_text us_testimonial_author\"><span class=\"w-post-elm-value\">Silvia Gutierrez<\/span><\/div><\/div><div class=\"w-post-elm post_image usg_post_image_2 as_circle has_width has_height has_ratio\"><a href=\"https:\/\/reservedsection.com\/es\/?post_type=us_testimonial&amp;p=2965\" aria-label=\"Silvia Gutierrez\"><img loading=\"lazy\" decoding=\"async\" width=\"1080\" height=\"1351\" src=\"https:\/\/reservedsection.com\/wp-content\/uploads\/2023\/10\/Silvia-Gutierrez.jpeg\" class=\"attachment-full size-full wp-post-image\" alt=\"\" \/><\/a><div style=\"padding-bottom:100%\"><\/div><\/div><\/div>\t\t<\/div>\r\n\t\t\t<\/article>\r\n\t<article class=\"w-grid-item size_1x1 post-2971 us_testimonial type-us_testimonial status-publish has-post-thumbnail hentry\" data-id=\"2971\">\r\n\t\t<div class=\"w-grid-item-h\">\r\n\t\t\t\t\t\t<div class=\"w-hwrapper usg_hwrapper_2 default_align_none laptops_align_none tablets_align_none mobiles_align_none valign_middle stack_on_mobiles\" style=\"--hwrapper-gap:1rem\"><div class=\"w-vwrapper usg_vwrapper_2 align_none valign_middle\"><div class=\"w-text usg_text_1 no_text icon_atleft\"><span class=\"w-text-h\"><i class=\"fas fa-quote-left\"><\/i><span class=\"w-text-value\"><\/span><\/span><\/div><div class=\"w-post-elm post_content usg_post_content_1\"><p>Mi experiencia con Reserved Section para el concierto de Coldplay en M\u00fanich fue extraordinaria. La vista, la impecable calidad del sonido y la encantadora atm\u00f3sfera fueron realmente impresionantes. La actuaci\u00f3n de Coldplay, realzada por esos fant\u00e1sticos asientos, hizo que fuera una noche inolvidable. Agradezco sinceramente a Reserved Section por permitirme ser parte de una experiencia tan m\u00e1gica y sentida. Fue una noche que toc\u00f3 mi alma y ser\u00e1 atesorada en mi coraz\u00f3n para siempre. <\/p>\n<\/div><div class=\"w-post-elm post_custom_field usg_post_custom_field_1 type_text us_testimonial_author\"><span class=\"w-post-elm-value\">Amy McKinnon<\/span><\/div><\/div><div class=\"w-post-elm post_image usg_post_image_2 as_circle has_width has_height has_ratio\"><a href=\"https:\/\/reservedsection.com\/es\/?post_type=us_testimonial&amp;p=2971\" aria-label=\"Amy McKinnon\"><img loading=\"lazy\" decoding=\"async\" width=\"1080\" height=\"1081\" src=\"https:\/\/reservedsection.com\/wp-content\/uploads\/2023\/10\/Samuel-Samyn.jpeg\" class=\"attachment-full size-full wp-post-image\" alt=\"\" \/><\/a><div style=\"padding-bottom:100%\"><\/div><\/div><\/div>\t\t<\/div>\r\n\t\t\t<\/article>\r\n\t<article class=\"w-grid-item size_1x1 post-2973 us_testimonial type-us_testimonial status-publish has-post-thumbnail hentry\" data-id=\"2973\">\r\n\t\t<div class=\"w-grid-item-h\">\r\n\t\t\t\t\t\t<div class=\"w-hwrapper usg_hwrapper_2 default_align_none laptops_align_none tablets_align_none mobiles_align_none valign_middle stack_on_mobiles\" style=\"--hwrapper-gap:1rem\"><div class=\"w-vwrapper usg_vwrapper_2 align_none valign_middle\"><div class=\"w-text usg_text_1 no_text icon_atleft\"><span class=\"w-text-h\"><i class=\"fas fa-quote-left\"><\/i><span class=\"w-text-value\"><\/span><\/span><\/div><div class=\"w-post-elm post_content usg_post_content_1\"><p>Como un buen aficionado al tenis, mi experiencia en el Abierto de Australia fue sencillamente excepcional. Compr\u00e9 una entrada en el Reserved Section y no podr\u00eda haber sido m\u00e1s perfecta. La vista, el ambiente y la organizaci\u00f3n en general fueron de primera categor\u00eda. Gracias al Abierto de Australia y Reserved Section por brindarme una experiencia ten\u00edstica inolvidable. \u00a1Apreciar\u00e9 los recuerdos creados durante este evento durante mucho tiempo! <\/p>\n<\/div><div class=\"w-post-elm post_custom_field usg_post_custom_field_1 type_text us_testimonial_author\"><span class=\"w-post-elm-value\">Samuel Samyn<\/span><\/div><\/div><div class=\"w-post-elm post_image usg_post_image_2 as_circle has_width has_height has_ratio\"><a href=\"https:\/\/reservedsection.com\/es\/?post_type=us_testimonial&amp;p=2973\" aria-label=\"Samuel Samyn\"><img loading=\"lazy\" decoding=\"async\" width=\"1080\" height=\"1079\" src=\"https:\/\/reservedsection.com\/wp-content\/uploads\/2023\/10\/Amy-McKinnon.jpeg\" class=\"attachment-full size-full wp-post-image\" alt=\"\" \/><\/a><div style=\"padding-bottom:100%\"><\/div><\/div><\/div>\t\t<\/div>\r\n\t\t\t<\/article>\r\n<\/div>\t<div class=\"w-grid-preloader\">\r\n\t\t<div class=\"g-preloader type_1\">\r\n\t\t\t<div><\/div>\r\n\t\t<\/div>\r\n\t<\/div>\r\n\t\t<div class=\"w-grid-json hidden\" onclick='return {&quot;action&quot;:&quot;us_ajax_grid&quot;,&quot;infinite_scroll&quot;:0,&quot;max_num_pages&quot;:1,&quot;pagination&quot;:&quot;none&quot;,&quot;template_vars&quot;:{&quot;columns&quot;:&quot;1&quot;,&quot;exclude_items&quot;:&quot;none&quot;,&quot;img_size&quot;:&quot;default&quot;,&quot;ignore_items_size&quot;:0,&quot;items_layout&quot;:&quot;70&quot;,&quot;items_offset&quot;:&quot;1&quot;,&quot;load_animation&quot;:&quot;none&quot;,&quot;overriding_link&quot;:&quot;%7B%22url%22%3A%22%22%7D&quot;,&quot;post_id&quot;:0,&quot;query_args&quot;:{&quot;post_type&quot;:[&quot;us_testimonial&quot;],&quot;post_status&quot;:[&quot;publish&quot;,&quot;acf-disabled&quot;],&quot;posts_per_page&quot;:&quot;10&quot;},&quot;orderby_query_args&quot;:{&quot;orderby&quot;:{&quot;date&quot;:&quot;DESC&quot;}},&quot;type&quot;:&quot;grid&quot;,&quot;us_grid_post_type&quot;:&quot;us_testimonial&quot;,&quot;us_grid_ajax_index&quot;:1,&quot;us_grid_filter_query_string&quot;:null,&quot;us_grid_index&quot;:1,&quot;page_args&quot;:[],&quot;lang&quot;:&quot;es&quot;}}'><\/div>\r\n\t<\/div><\/div><\/div><\/div><\/div><\/section>\n","protected":false},"excerpt":{"rendered":"Como un buen aficionado al tenis, mi experiencia en el Abierto de Australia fue sencillamente excepcional. Compr\u00e9 una entrada en el Reserved Section y no podr\u00eda haber sido m\u00e1s perfecta. La vista, el ambiente y la organizaci\u00f3n en general fueron de primera categor\u00eda. Gracias al Abierto de Australia y Reserved Section por brindarme una experiencia...","protected":false},"author":2,"featured_media":2874,"parent":0,"menu_order":0,"comment_status":"closed","ping_status":"closed","template":"","meta":{"_acf_changed":false,"footnotes":""},"class_list":["post-2963","page","type-page","status-publish","has-post-thumbnail","hentry"],"acf":[],"_links":{"self":[{"href":"https:\/\/reservedsection.com\/es\/wp-json\/wp\/v2\/pages\/2963","targetHints":{"allow":["GET"]}}],"collection":[{"href":"https:\/\/reservedsection.com\/es\/wp-json\/wp\/v2\/pages"}],"about":[{"href":"https:\/\/reservedsection.com\/es\/wp-json\/wp\/v2\/types\/page"}],"author":[{"embeddable":true,"href":"https:\/\/reservedsection.com\/es\/wp-json\/wp\/v2\/users\/2"}],"replies":[{"embeddable":true,"href":"https:\/\/reservedsection.com\/es\/wp-json\/wp\/v2\/comments?post=2963"}],"version-history":[{"count":0,"href":"https:\/\/reservedsection.com\/es\/wp-json\/wp\/v2\/pages\/2963\/revisions"}],"wp:featuredmedia":[{"embeddable":true,"href":"https:\/\/reservedsection.com\/es\/wp-json\/wp\/v2\/media\/2874"}],"wp:attachment":[{"href":"https:\/\/reservedsection.com\/es\/wp-json\/wp\/v2\/media?parent=2963"}],"curies":[{"name":"wp","href":"https:\/\/api.w.org\/{rel}","templated":true}]}}