
{"id":3165,"date":"2024-03-17T10:28:53","date_gmt":"2024-03-17T10:28:53","guid":{"rendered":"https:\/\/reservedsection.com\/event\/champions-league-final-hospitality-tickets\/"},"modified":"2024-04-29T09:51:24","modified_gmt":"2024-04-29T09:51:24","slug":"final-de-la-liga-de-campeones-entradas-de-hospitalidad","status":"publish","type":"product","link":"https:\/\/reservedsection.com\/es\/event\/final-de-la-liga-de-campeones-entradas-de-hospitalidad\/","title":{"rendered":"Final de la Liga de Campeones | Entradas de hospitalidad"},"content":{"rendered":"<h2>Estar all\u00ed para presenciar la historia<\/h2>\n<p>La final de la UEFA Champions League: la noche m\u00e1s importante del f\u00fatbol de clubes. Se har\u00e1n leyendas. Se escribir\u00e1n las p\u00e1ginas de la historia.<br \/>\n\u00a1Podr\u00e1s vivirlo todo en persona! Nuestros paquetes de hospitalidad exclusivos le brindan los mejores asientos de la casa, adem\u00e1s de comida, bebida y entretenimiento para sus invitados. Sum\u00e9rgete en el ambiente del sal\u00f3n, donde encontrar\u00e1s excelentes vinos, cervezas, refrescos y cocina internacional, antes, durante y despu\u00e9s del partido. Ofrezca a sus invitados una experiencia que nunca olvidar\u00e1n. Dales una entrada de hospitalidad para la final de la Liga de Campeones.<\/p>\n<h3>Incluido en todos los paquetes<\/h3>\n<ul>\n<li>Entrada para el partido\n<ul>\n<li>Algunos de los mejores asientos del estadio.<\/li>\n<\/ul>\n<\/li>\n<li>Abastecimiento\n<ul>\n<li>Selecci\u00f3n de platos locales e internacionales.<\/li>\n<\/ul>\n<\/li>\n<li>Recepci\u00f3n de bienvenida\n<ul>\n<li>incluyendo bebida de bienvenida<\/li>\n<\/ul>\n<\/li>\n<li>Transmisi\u00f3n de televisi\u00f3n\n<ul>\n<li>Antes, durante y despu\u00e9s del partido<\/li>\n<\/ul>\n<\/li>\n<li>programa de partidos\n<ul>\n<li>Programa oficial del partido final<\/li>\n<\/ul>\n<\/li>\n<\/ul>\n<h4>SKYBOX ORO PRIVADO<\/h4>\n<p><img loading=\"lazy\" decoding=\"async\" class=\"alignnone size-medium wp-image-2830\" src=\"https:\/\/reservedsection.com\/wp-content\/uploads\/2024\/03\/Gold-PackagePage-556x465-1-300x251.webp\" alt=\"\" width=\"300\" height=\"251\" srcset=\"https:\/\/reservedsection.com\/wp-content\/uploads\/2024\/03\/Gold-PackagePage-556x465-1-300x251.webp 300w, https:\/\/reservedsection.com\/wp-content\/uploads\/2024\/03\/Gold-PackagePage-556x465-1.webp 556w\" sizes=\"auto, (max-width: 300px) 100vw, 300px\" \/><\/p>\n<h4>RESTAURANTE DE PRESTIGIO<\/h4>\n<h3><img loading=\"lazy\" decoding=\"async\" class=\"alignnone size-medium wp-image-2831\" src=\"https:\/\/reservedsection.com\/wp-content\/uploads\/2024\/03\/PrestigeRestaurant-556.465-300x251.webp\" alt=\"\" width=\"300\" height=\"251\" srcset=\"https:\/\/reservedsection.com\/wp-content\/uploads\/2024\/03\/PrestigeRestaurant-556.465-300x251.webp 300w, https:\/\/reservedsection.com\/wp-content\/uploads\/2024\/03\/PrestigeRestaurant-556.465.webp 556w\" sizes=\"auto, (max-width: 300px) 100vw, 300px\" \/><\/h3>\n<h4>PRESTIGIO<\/h4>\n<p><img loading=\"lazy\" decoding=\"async\" class=\"alignnone size-medium wp-image-2832\" src=\"https:\/\/reservedsection.com\/wp-content\/uploads\/2024\/03\/PrestigeRendering-556x465-1-300x251.webp\" alt=\"\" width=\"300\" height=\"251\" srcset=\"https:\/\/reservedsection.com\/wp-content\/uploads\/2024\/03\/PrestigeRendering-556x465-1-300x251.webp 300w, https:\/\/reservedsection.com\/wp-content\/uploads\/2024\/03\/PrestigeRendering-556x465-1.webp 556w\" sizes=\"auto, (max-width: 300px) 100vw, 300px\" \/><\/p>\n","protected":false},"excerpt":{"rendered":"<p>Estar all\u00ed para presenciar la historia La final de la UEFA Champions League: la noche m\u00e1s importante del f\u00fatbol de clubes. Se har\u00e1n leyendas. Se escribir\u00e1n las p\u00e1ginas de la historia. \u00a1Podr\u00e1s vivirlo todo en persona! Nuestros paquetes de hospitalidad exclusivos le brindan los mejores asientos de la casa, adem\u00e1s de comida, bebida y entretenimiento&#8230;<\/p>\n","protected":false},"featured_media":3167,"comment_status":"closed","ping_status":"closed","template":"","meta":{"_acf_changed":false},"product_brand":[],"product_cat":[539,548,549],"product_tag":[],"location":[361],"event-position":[362],"teams":[],"venues":[363],"event-tours":[],"event-tournaments":[364],"class_list":{"0":"post-3165","1":"product","2":"type-product","3":"status-publish","4":"has-post-thumbnail","6":"product_cat-all-events","7":"product_cat-deportes","8":"product_cat-eventos-especiales","9":"location-england-es","10":"event-position-experiencia-premium","11":"venues-wembley-stadium-london-es","12":"event-tournaments-champions-league-es","14":"first","15":"instock","16":"taxable","17":"shipping-taxable","18":"purchasable","19":"product-type-simple"},"acf":[],"_links":{"self":[{"href":"https:\/\/reservedsection.com\/es\/wp-json\/wp\/v2\/product\/3165","targetHints":{"allow":["GET"]}}],"collection":[{"href":"https:\/\/reservedsection.com\/es\/wp-json\/wp\/v2\/product"}],"about":[{"href":"https:\/\/reservedsection.com\/es\/wp-json\/wp\/v2\/types\/product"}],"replies":[{"embeddable":true,"href":"https:\/\/reservedsection.com\/es\/wp-json\/wp\/v2\/comments?post=3165"}],"wp:featuredmedia":[{"embeddable":true,"href":"https:\/\/reservedsection.com\/es\/wp-json\/wp\/v2\/media\/3167"}],"wp:attachment":[{"href":"https:\/\/reservedsection.com\/es\/wp-json\/wp\/v2\/media?parent=3165"}],"wp:term":[{"taxonomy":"product_brand","embeddable":true,"href":"https:\/\/reservedsection.com\/es\/wp-json\/wp\/v2\/product_brand?post=3165"},{"taxonomy":"product_cat","embeddable":true,"href":"https:\/\/reservedsection.com\/es\/wp-json\/wp\/v2\/product_cat?post=3165"},{"taxonomy":"product_tag","embeddable":true,"href":"https:\/\/reservedsection.com\/es\/wp-json\/wp\/v2\/product_tag?post=3165"},{"taxonomy":"location","embeddable":true,"href":"https:\/\/reservedsection.com\/es\/wp-json\/wp\/v2\/location?post=3165"},{"taxonomy":"event-position","embeddable":true,"href":"https:\/\/reservedsection.com\/es\/wp-json\/wp\/v2\/event-position?post=3165"},{"taxonomy":"teams","embeddable":true,"href":"https:\/\/reservedsection.com\/es\/wp-json\/wp\/v2\/teams?post=3165"},{"taxonomy":"venues","embeddable":true,"href":"https:\/\/reservedsection.com\/es\/wp-json\/wp\/v2\/venues?post=3165"},{"taxonomy":"event-tours","embeddable":true,"href":"https:\/\/reservedsection.com\/es\/wp-json\/wp\/v2\/event-tours?post=3165"},{"taxonomy":"event-tournaments","embeddable":true,"href":"https:\/\/reservedsection.com\/es\/wp-json\/wp\/v2\/event-tournaments?post=3165"}],"curies":[{"name":"wp","href":"https:\/\/api.w.org\/{rel}","templated":true}]}}