
{"id":3168,"date":"2024-03-16T19:45:45","date_gmt":"2024-03-16T19:45:45","guid":{"rendered":"https:\/\/reservedsection.com\/event\/marseille-vs-benfica\/"},"modified":"2024-04-22T13:11:07","modified_gmt":"2024-04-22T13:11:07","slug":"marseille-vs-benfica","status":"publish","type":"product","link":"https:\/\/reservedsection.com\/es\/event\/marseille-vs-benfica\/","title":{"rendered":"Marseille vs Benfica"},"content":{"rendered":"<p>El partido de vuelta de los cuartos de final de la UEFA Europa League presenta un encuentro emocionante cuando el Marsella se enfrenta al Benfica el 18 de abril a las 21:00, con el vibrante tel\u00f3n de fondo del V\u00e9lodrome de Orange. Este enfrentamiento fundamental promete ofrecer mucho en juego, acci\u00f3n intensa y f\u00fatbol de la m\u00e1s alta calidad.<\/p>\n<p>Marsella, bajo la experimentada direcci\u00f3n de J. Gasset, cuenta con una plantilla rica en talento y determinaci\u00f3n. Pierre-Emerick Aubameyang, conocido por su ritmo vertiginoso y su definici\u00f3n cl\u00ednica, Isma\u00efla Sarr, con sus habilidades de regate y capacidad para enfrentarse a los defensores, y Jonathan Clauss, conocido por su precisi\u00f3n en los centros y sus contribuciones defensivas, son clave para las ambiciones del Marsella.<\/p>\n<p>El Benfica, dirigido por R. Schmidt, contraataca con sus propias estrellas. Rafa Silva ofrece velocidad y creatividad en la banda, \u00c1ngel Di Mar\u00eda aporta experiencia y visi\u00f3n incomparables al medio campo, y Orkun K\u00f6k\u00e7\u00fc a\u00f1ade energ\u00eda juvenil y destreza t\u00e9cnica, lo que convierte al Benfica en un oponente formidable.<\/p>\n<p>Mientras el escenario est\u00e1 preparado en el ic\u00f3nico V\u00e9lodrome de Orange, los fan\u00e1ticos est\u00e1n invitados a presenciar este choque \u00e9pico en vivo. Las entradas ya est\u00e1n disponibles y brindan a los seguidores la oportunidad de experimentar de primera mano la pasi\u00f3n, el drama y la emoci\u00f3n del f\u00fatbol de la UEFA Europa League. No pierdas la oportunidad de ser parte de una noche llena de momentos memorables y f\u00fatbol europeo de primer nivel.<\/p>\n","protected":false},"excerpt":{"rendered":"<p>El partido de vuelta de los cuartos de final de la UEFA Europa League presenta un encuentro emocionante cuando el Marsella se enfrenta al Benfica el 18 de abril a las 21:00, con el vibrante tel\u00f3n de fondo del V\u00e9lodrome de Orange. Este enfrentamiento fundamental promete ofrecer mucho en juego, acci\u00f3n intensa y f\u00fatbol de&#8230;<\/p>\n","protected":false},"featured_media":3169,"comment_status":"closed","ping_status":"closed","template":"","meta":{"_acf_changed":false},"product_brand":[],"product_cat":[548],"product_tag":[],"location":[365],"event-position":[366],"teams":[367,368],"venues":[369],"event-tours":[],"event-tournaments":[370],"class_list":{"0":"post-3168","1":"product","2":"type-product","3":"status-publish","4":"has-post-thumbnail","6":"product_cat-deportes","7":"location-france-es","8":"event-position-featured-event-es","9":"teams-benfica-es","10":"teams-marseille-es","11":"venues-veledrom-marseille-es","12":"event-tournaments-europaleague-es","14":"first","15":"instock","16":"taxable","17":"shipping-taxable","18":"purchasable","19":"product-type-simple"},"acf":[],"_links":{"self":[{"href":"https:\/\/reservedsection.com\/es\/wp-json\/wp\/v2\/product\/3168","targetHints":{"allow":["GET"]}}],"collection":[{"href":"https:\/\/reservedsection.com\/es\/wp-json\/wp\/v2\/product"}],"about":[{"href":"https:\/\/reservedsection.com\/es\/wp-json\/wp\/v2\/types\/product"}],"replies":[{"embeddable":true,"href":"https:\/\/reservedsection.com\/es\/wp-json\/wp\/v2\/comments?post=3168"}],"wp:featuredmedia":[{"embeddable":true,"href":"https:\/\/reservedsection.com\/es\/wp-json\/wp\/v2\/media\/3169"}],"wp:attachment":[{"href":"https:\/\/reservedsection.com\/es\/wp-json\/wp\/v2\/media?parent=3168"}],"wp:term":[{"taxonomy":"product_brand","embeddable":true,"href":"https:\/\/reservedsection.com\/es\/wp-json\/wp\/v2\/product_brand?post=3168"},{"taxonomy":"product_cat","embeddable":true,"href":"https:\/\/reservedsection.com\/es\/wp-json\/wp\/v2\/product_cat?post=3168"},{"taxonomy":"product_tag","embeddable":true,"href":"https:\/\/reservedsection.com\/es\/wp-json\/wp\/v2\/product_tag?post=3168"},{"taxonomy":"location","embeddable":true,"href":"https:\/\/reservedsection.com\/es\/wp-json\/wp\/v2\/location?post=3168"},{"taxonomy":"event-position","embeddable":true,"href":"https:\/\/reservedsection.com\/es\/wp-json\/wp\/v2\/event-position?post=3168"},{"taxonomy":"teams","embeddable":true,"href":"https:\/\/reservedsection.com\/es\/wp-json\/wp\/v2\/teams?post=3168"},{"taxonomy":"venues","embeddable":true,"href":"https:\/\/reservedsection.com\/es\/wp-json\/wp\/v2\/venues?post=3168"},{"taxonomy":"event-tours","embeddable":true,"href":"https:\/\/reservedsection.com\/es\/wp-json\/wp\/v2\/event-tours?post=3168"},{"taxonomy":"event-tournaments","embeddable":true,"href":"https:\/\/reservedsection.com\/es\/wp-json\/wp\/v2\/event-tournaments?post=3168"}],"curies":[{"name":"wp","href":"https:\/\/api.w.org\/{rel}","templated":true}]}}