
{"id":3170,"date":"2024-03-16T19:40:35","date_gmt":"2024-03-16T19:40:35","guid":{"rendered":"https:\/\/reservedsection.com\/event\/west-ham-vs-leverkusen\/"},"modified":"2024-04-22T13:11:07","modified_gmt":"2024-04-22T13:11:07","slug":"west-ham-vs-leverkusen","status":"publish","type":"product","link":"https:\/\/reservedsection.com\/es\/event\/west-ham-vs-leverkusen\/","title":{"rendered":"West Ham vs Leverkusen"},"content":{"rendered":"<p>El partido de vuelta de los cuartos de final de la UEFA Europa League comenzar\u00e1 el 18 de abril a las 21:00 horas, con un encuentro apasionante entre West Ham y Leverkusen en el estadio de Londres. Este encuentro promete ser un enfrentamiento fascinante ya que ambos equipos, liderados por sus astutos entrenadores, compiten por un lugar en las semifinales.<\/p>\n<p>Bajo el liderazgo de David Moyes, West Ham se ha convertido en una fuerza formidable, que demuestra resiliencia y brillantez estrat\u00e9gica. Jugadores clave como Jarrod Bowen, con su ritmo electrizante y su habilidad para rematar, Mohammed Kudus, conocido por su agilidad y habilidad t\u00e9cnica, y Tom\u00e1\u0161 Sou\u010dek, que aporta fuerza y \u200b\u200bdestreza a\u00e9rea al medio campo, est\u00e1n preparados para causar un impacto significativo.<\/p>\n<p>El Leverkusen, guiado por la perspicacia t\u00e1ctica de Xabi Alonso, contraataca con una plantilla rica en talento y versatilidad. El instinto goleador de Victor Boniface, la creatividad y la visi\u00f3n de Florian Wirtz en el mediocampo, el dinamismo de Jeremie Frimpong en la banda y la fiabilidad y habilidad de \u00c1lex Grimaldo en defensa hacen del Leverkusen una amenaza para cualquier rival.<\/p>\n<p>A medida que aumenta la anticipaci\u00f3n por este choque en el London Stadium, se anima a los fan\u00e1ticos a asegurar sus entradas ahora para tener la oportunidad de presenciar este emocionante partido en vivo. No pierdas la oportunidad de experimentar el drama, la pasi\u00f3n y la emoci\u00f3n del f\u00fatbol de la UEFA Europa League. \u00danete a la acci\u00f3n y s\u00e9 parte de una noche que promete estar llena de momentos memorables y f\u00fatbol de primer nivel.<\/p>\n","protected":false},"excerpt":{"rendered":"<p>El partido de vuelta de los cuartos de final de la UEFA Europa League comenzar\u00e1 el 18 de abril a las 21:00 horas, con un encuentro apasionante entre West Ham y Leverkusen en el estadio de Londres. Este encuentro promete ser un enfrentamiento fascinante ya que ambos equipos, liderados por sus astutos entrenadores, compiten por&#8230;<\/p>\n","protected":false},"featured_media":3171,"comment_status":"closed","ping_status":"closed","template":"","meta":{"_acf_changed":false},"product_brand":[],"product_cat":[548],"product_tag":[],"location":[361],"event-position":[366],"teams":[371,372],"venues":[373],"event-tours":[],"event-tournaments":[370],"class_list":{"0":"post-3170","1":"product","2":"type-product","3":"status-publish","4":"has-post-thumbnail","6":"product_cat-deportes","7":"location-england-es","8":"event-position-featured-event-es","9":"teams-leverkusen-es","10":"teams-west-ham-es","11":"venues-london-stadium-london-es","12":"event-tournaments-europaleague-es","14":"first","15":"instock","16":"taxable","17":"shipping-taxable","18":"purchasable","19":"product-type-simple"},"acf":[],"_links":{"self":[{"href":"https:\/\/reservedsection.com\/es\/wp-json\/wp\/v2\/product\/3170","targetHints":{"allow":["GET"]}}],"collection":[{"href":"https:\/\/reservedsection.com\/es\/wp-json\/wp\/v2\/product"}],"about":[{"href":"https:\/\/reservedsection.com\/es\/wp-json\/wp\/v2\/types\/product"}],"replies":[{"embeddable":true,"href":"https:\/\/reservedsection.com\/es\/wp-json\/wp\/v2\/comments?post=3170"}],"wp:featuredmedia":[{"embeddable":true,"href":"https:\/\/reservedsection.com\/es\/wp-json\/wp\/v2\/media\/3171"}],"wp:attachment":[{"href":"https:\/\/reservedsection.com\/es\/wp-json\/wp\/v2\/media?parent=3170"}],"wp:term":[{"taxonomy":"product_brand","embeddable":true,"href":"https:\/\/reservedsection.com\/es\/wp-json\/wp\/v2\/product_brand?post=3170"},{"taxonomy":"product_cat","embeddable":true,"href":"https:\/\/reservedsection.com\/es\/wp-json\/wp\/v2\/product_cat?post=3170"},{"taxonomy":"product_tag","embeddable":true,"href":"https:\/\/reservedsection.com\/es\/wp-json\/wp\/v2\/product_tag?post=3170"},{"taxonomy":"location","embeddable":true,"href":"https:\/\/reservedsection.com\/es\/wp-json\/wp\/v2\/location?post=3170"},{"taxonomy":"event-position","embeddable":true,"href":"https:\/\/reservedsection.com\/es\/wp-json\/wp\/v2\/event-position?post=3170"},{"taxonomy":"teams","embeddable":true,"href":"https:\/\/reservedsection.com\/es\/wp-json\/wp\/v2\/teams?post=3170"},{"taxonomy":"venues","embeddable":true,"href":"https:\/\/reservedsection.com\/es\/wp-json\/wp\/v2\/venues?post=3170"},{"taxonomy":"event-tours","embeddable":true,"href":"https:\/\/reservedsection.com\/es\/wp-json\/wp\/v2\/event-tours?post=3170"},{"taxonomy":"event-tournaments","embeddable":true,"href":"https:\/\/reservedsection.com\/es\/wp-json\/wp\/v2\/event-tournaments?post=3170"}],"curies":[{"name":"wp","href":"https:\/\/api.w.org\/{rel}","templated":true}]}}