
{"id":3172,"date":"2024-03-16T19:35:27","date_gmt":"2024-03-16T19:35:27","guid":{"rendered":"https:\/\/reservedsection.com\/event\/atalanta-vs-liverpool\/"},"modified":"2024-04-22T13:11:08","modified_gmt":"2024-04-22T13:11:08","slug":"atalanta-vs-liverpool","status":"publish","type":"product","link":"https:\/\/reservedsection.com\/es\/event\/atalanta-vs-liverpool\/","title":{"rendered":"Atalanta vs Liverpool"},"content":{"rendered":"<div class=\"flex-1 overflow-hidden\">\n<div class=\"react-scroll-to-bottom--css-ubgmj-79elbk h-full\">\n<div class=\"react-scroll-to-bottom--css-ubgmj-1n7m0yu\">\n<div class=\"flex flex-col text-sm pb-9\">\n<div class=\"w-full text-token-text-primary\" data-testid=\"conversation-turn-13\">\n<div class=\"px-4 py-2 justify-center text-base md:gap-6 m-auto\">\n<div class=\"flex flex-1 text-base mx-auto gap-3 md:px-5 lg:px-1 xl:px-5 md:max-w-3xl lg:max-w-[40rem] xl:max-w-[48rem] group final-completion\">\n<div class=\"relative flex w-full flex-col agent-turn\">\n<div class=\"flex-col gap-1 md:gap-3\">\n<div class=\"flex flex-grow flex-col max-w-full\">\n<div class=\"min-h-[20px] text-message flex flex-col items-start gap-3 whitespace-pre-wrap break-words [.text-message+&amp;]:mt-5 overflow-x-auto\" data-message-author-role=\"assistant\" data-message-id=\"6893bc4d-e9ce-43da-9eda-b520bbf103cb\">\n<div class=\"markdown prose w-full break-words dark:prose-invert light\">\n<p>El 18 de abril, a las 21:00 horas, el partido de vuelta de los cuartos de final de la UEFA Europa League presenta un apasionante choque entre Atalanta y Liverpool en el estadio Gewiss de B\u00e9rgamo. Este partido promete ser un encuentro de alto octanaje, que mostrar\u00e1 el ingenio t\u00e1ctico del Atalanta de G. Gasperini contra la intensidad y el estilo del Liverpool de J. Klopp.<\/p>\n<p>Atalanta, bajo la direcci\u00f3n de Gian Piero Gasperini, aporta una combinaci\u00f3n de habilidad y determinaci\u00f3n al campo. Con jugadores como Teun Koopmeiners, conocido por su liderazgo y versatilidad en el mediocampo, Ademola Lookman, cuyo ritmo y capacidad de regate representan una amenaza constante, y Gianluca Scamacca, un delantero con buen ojo para el gol, Atalanta est\u00e1 listo para desafiar a los mejores de Europa. .<\/p>\n<p>El Liverpool, dirigido por el carism\u00e1tico J\u00fcrgen Klopp, contraataca con su propio conjunto de talentos de talla mundial. Mohamed Salah, conocido por su velocidad, habilidad y capacidad goleadora, lidera el ataque. Darwin N\u00fa\u00f1ez, con su potencia y precisi\u00f3n, a\u00f1ade otra dimensi\u00f3n a la delantera del Liverpool, mientras que Teixeira aporta creatividad y delicadeza al mediocampo.<\/p>\n<p>Mientras estos dos equipos se preparan para enfrentarse en B\u00e9rgamo, los aficionados pueden esperar un partido lleno de matices t\u00e1cticos, brillantez individual y momentos m\u00e1gicos. Las entradas para este partido imperdible ya est\u00e1n disponibles y ofrecen a los fan\u00e1ticos la oportunidad de presenciar este enfrentamiento \u00e9pico en vivo. No pierdas la oportunidad de ser parte de una noche memorable en la historia de la UEFA Europa League.<\/p>\n<\/div>\n<\/div>\n<\/div>\n<\/div>\n<\/div>\n<\/div>\n<\/div>\n<\/div>\n<\/div>\n<\/div>\n<\/div>\n<\/div>\n","protected":false},"excerpt":{"rendered":"<p>El 18 de abril, a las 21:00 horas, el partido de vuelta de los cuartos de final de la UEFA Europa League presenta un apasionante choque entre Atalanta y Liverpool en el estadio Gewiss de B\u00e9rgamo. Este partido promete ser un encuentro de alto octanaje, que mostrar\u00e1 el ingenio t\u00e1ctico del Atalanta de G. Gasperini&#8230;<\/p>\n","protected":false},"featured_media":3173,"comment_status":"closed","ping_status":"closed","template":"","meta":{"_acf_changed":false},"product_brand":[],"product_cat":[548],"product_tag":[],"location":[374],"event-position":[366],"teams":[375,376],"venues":[377],"event-tours":[],"event-tournaments":[370],"class_list":{"0":"post-3172","1":"product","2":"type-product","3":"status-publish","4":"has-post-thumbnail","6":"product_cat-deportes","7":"location-italy-es","8":"event-position-featured-event-es","9":"teams-atalanta-es","10":"teams-liverpool-es","11":"venues-stadio-di-bergamo-bergamo-es","12":"event-tournaments-europaleague-es","14":"first","15":"instock","16":"taxable","17":"shipping-taxable","18":"purchasable","19":"product-type-simple"},"acf":[],"_links":{"self":[{"href":"https:\/\/reservedsection.com\/es\/wp-json\/wp\/v2\/product\/3172","targetHints":{"allow":["GET"]}}],"collection":[{"href":"https:\/\/reservedsection.com\/es\/wp-json\/wp\/v2\/product"}],"about":[{"href":"https:\/\/reservedsection.com\/es\/wp-json\/wp\/v2\/types\/product"}],"replies":[{"embeddable":true,"href":"https:\/\/reservedsection.com\/es\/wp-json\/wp\/v2\/comments?post=3172"}],"wp:featuredmedia":[{"embeddable":true,"href":"https:\/\/reservedsection.com\/es\/wp-json\/wp\/v2\/media\/3173"}],"wp:attachment":[{"href":"https:\/\/reservedsection.com\/es\/wp-json\/wp\/v2\/media?parent=3172"}],"wp:term":[{"taxonomy":"product_brand","embeddable":true,"href":"https:\/\/reservedsection.com\/es\/wp-json\/wp\/v2\/product_brand?post=3172"},{"taxonomy":"product_cat","embeddable":true,"href":"https:\/\/reservedsection.com\/es\/wp-json\/wp\/v2\/product_cat?post=3172"},{"taxonomy":"product_tag","embeddable":true,"href":"https:\/\/reservedsection.com\/es\/wp-json\/wp\/v2\/product_tag?post=3172"},{"taxonomy":"location","embeddable":true,"href":"https:\/\/reservedsection.com\/es\/wp-json\/wp\/v2\/location?post=3172"},{"taxonomy":"event-position","embeddable":true,"href":"https:\/\/reservedsection.com\/es\/wp-json\/wp\/v2\/event-position?post=3172"},{"taxonomy":"teams","embeddable":true,"href":"https:\/\/reservedsection.com\/es\/wp-json\/wp\/v2\/teams?post=3172"},{"taxonomy":"venues","embeddable":true,"href":"https:\/\/reservedsection.com\/es\/wp-json\/wp\/v2\/venues?post=3172"},{"taxonomy":"event-tours","embeddable":true,"href":"https:\/\/reservedsection.com\/es\/wp-json\/wp\/v2\/event-tours?post=3172"},{"taxonomy":"event-tournaments","embeddable":true,"href":"https:\/\/reservedsection.com\/es\/wp-json\/wp\/v2\/event-tournaments?post=3172"}],"curies":[{"name":"wp","href":"https:\/\/api.w.org\/{rel}","templated":true}]}}