
{"id":3194,"date":"2024-03-16T19:29:57","date_gmt":"2024-03-16T19:29:57","guid":{"rendered":"https:\/\/reservedsection.com\/event\/roma-vs-milan\/"},"modified":"2024-04-22T13:11:08","modified_gmt":"2024-04-22T13:11:08","slug":"roma-vs-milan","status":"publish","type":"product","link":"https:\/\/reservedsection.com\/es\/event\/roma-vs-milan\/","title":{"rendered":"Roma vs Milan"},"content":{"rendered":"<p>En el partido de vuelta de los cuartos de final de la UEFA Europa League, nos espera un apasionante derbi italiano cuando la Roma se enfrente al Mil\u00e1n el 18 de abril a las 21:00. El escenario est\u00e1 ambientado en el ic\u00f3nico Estadio Ol\u00edmpico de Roma, donde la historia, la pasi\u00f3n y la rivalidad converger\u00e1n en un choque que promete f\u00fatbol del m\u00e1s alto nivel.<\/p>\n<p>La Roma, bajo la direcci\u00f3n del entrenador Daniele De Rossi, muestra una combinaci\u00f3n de habilidad y determinaci\u00f3n. Con jugadores como Leandro Daniel Paredes, cuya visi\u00f3n y control dominan el mediocampo, Paulo Exequiel Dybala, conocido por su creatividad y capacidad para producir momentos m\u00e1gicos, y Romelu Lukaku, un poderoso delantero con la fuerza y \u200b\u200bla capacidad de remate para dominar cualquier defensa, la Roma est\u00e1 dispuesto a hacer una declaraci\u00f3n en su propio terreno.<\/p>\n<p>El Mil\u00e1n, dirigido por el t\u00e9cnico Stefano Pioli, contraataca con su propio grupo de estrellas. Christian Mate Puli\u0161i\u0107 aporta agilidad y precisi\u00f3n en la banda, Olivier Jonathan Giroud ofrece experiencia y habilidad para goles cruciales, y la velocidad y habilidad de Rafael Alexandre da Concei\u00e7\u00e3o Le\u00e3o lo convierten en una amenaza constante para las defensas rivales. El equilibrado y din\u00e1mico equipo del Mil\u00e1n est\u00e1 preparado para desafiar a la Roma en este encuentro de alto riesgo.<\/p>\n<p>Mientras estos dos clubes hist\u00f3ricos se preparan para luchar por un lugar en las semifinales de la Europa League, se recuerda a los fan\u00e1ticos que las entradas para este partido imperdible a\u00fan est\u00e1n disponibles. No pierdas la oportunidad de presenciar esta feroz rivalidad y el hermoso juego jugado en su m\u00e1xima expresi\u00f3n. Consigue ya tus entradas y s\u00e9 parte de una noche llena de pasi\u00f3n, emoci\u00f3n y f\u00fatbol europeo de primer nivel.<\/p>\n","protected":false},"excerpt":{"rendered":"<p>En el partido de vuelta de los cuartos de final de la UEFA Europa League, nos espera un apasionante derbi italiano cuando la Roma se enfrente al Mil\u00e1n el 18 de abril a las 21:00. El escenario est\u00e1 ambientado en el ic\u00f3nico Estadio Ol\u00edmpico de Roma, donde la historia, la pasi\u00f3n y la rivalidad converger\u00e1n&#8230;<\/p>\n","protected":false},"featured_media":3195,"comment_status":"closed","ping_status":"closed","template":"","meta":{"_acf_changed":false},"product_brand":[],"product_cat":[548],"product_tag":[],"location":[374],"event-position":[366],"teams":[378,379],"venues":[380],"event-tours":[],"event-tournaments":[370],"class_list":{"0":"post-3194","1":"product","2":"type-product","3":"status-publish","4":"has-post-thumbnail","6":"product_cat-deportes","7":"location-italy-es","8":"event-position-featured-event-es","9":"teams-milan-es","10":"teams-roma-es","11":"venues-stadio-olimpico-rome-es","12":"event-tournaments-europaleague-es","14":"first","15":"instock","16":"taxable","17":"shipping-taxable","18":"purchasable","19":"product-type-simple"},"acf":[],"_links":{"self":[{"href":"https:\/\/reservedsection.com\/es\/wp-json\/wp\/v2\/product\/3194","targetHints":{"allow":["GET"]}}],"collection":[{"href":"https:\/\/reservedsection.com\/es\/wp-json\/wp\/v2\/product"}],"about":[{"href":"https:\/\/reservedsection.com\/es\/wp-json\/wp\/v2\/types\/product"}],"replies":[{"embeddable":true,"href":"https:\/\/reservedsection.com\/es\/wp-json\/wp\/v2\/comments?post=3194"}],"wp:featuredmedia":[{"embeddable":true,"href":"https:\/\/reservedsection.com\/es\/wp-json\/wp\/v2\/media\/3195"}],"wp:attachment":[{"href":"https:\/\/reservedsection.com\/es\/wp-json\/wp\/v2\/media?parent=3194"}],"wp:term":[{"taxonomy":"product_brand","embeddable":true,"href":"https:\/\/reservedsection.com\/es\/wp-json\/wp\/v2\/product_brand?post=3194"},{"taxonomy":"product_cat","embeddable":true,"href":"https:\/\/reservedsection.com\/es\/wp-json\/wp\/v2\/product_cat?post=3194"},{"taxonomy":"product_tag","embeddable":true,"href":"https:\/\/reservedsection.com\/es\/wp-json\/wp\/v2\/product_tag?post=3194"},{"taxonomy":"location","embeddable":true,"href":"https:\/\/reservedsection.com\/es\/wp-json\/wp\/v2\/location?post=3194"},{"taxonomy":"event-position","embeddable":true,"href":"https:\/\/reservedsection.com\/es\/wp-json\/wp\/v2\/event-position?post=3194"},{"taxonomy":"teams","embeddable":true,"href":"https:\/\/reservedsection.com\/es\/wp-json\/wp\/v2\/teams?post=3194"},{"taxonomy":"venues","embeddable":true,"href":"https:\/\/reservedsection.com\/es\/wp-json\/wp\/v2\/venues?post=3194"},{"taxonomy":"event-tours","embeddable":true,"href":"https:\/\/reservedsection.com\/es\/wp-json\/wp\/v2\/event-tours?post=3194"},{"taxonomy":"event-tournaments","embeddable":true,"href":"https:\/\/reservedsection.com\/es\/wp-json\/wp\/v2\/event-tournaments?post=3194"}],"curies":[{"name":"wp","href":"https:\/\/api.w.org\/{rel}","templated":true}]}}