
{"id":3196,"date":"2024-03-16T19:21:21","date_gmt":"2024-03-16T19:21:21","guid":{"rendered":"https:\/\/reservedsection.com\/event\/bayern-munich-vs-arsenal\/"},"modified":"2024-04-22T13:11:08","modified_gmt":"2024-04-22T13:11:08","slug":"bayern-munich-vs-arsenal","status":"publish","type":"product","link":"https:\/\/reservedsection.com\/es\/event\/bayern-munich-vs-arsenal\/","title":{"rendered":"Bayern Munich vs Arsenal"},"content":{"rendered":"<p>El partido de vuelta de los cuartos de final de la Liga de Campeones de la UEFA ofrece un encuentro emocionante entre el Bayern de M\u00fanich y el Arsenal el 17 de abril a las 21:00 horas. Este partido, celebrado en el Allianz Arena, es una muestra de dos filosof\u00edas futbol\u00edsticas bajo la direcci\u00f3n de sus respectivos t\u00e1cticos, Thomas Tuchel para el Bayern de M\u00fanich y Mikel Arteta para el Arsenal.<\/p>\n<p>El Bayern de M\u00fanich, bajo el dominio estrat\u00e9gico de Thomas Tuchel, cuenta con un equipo que cuenta con un talento y una profundidad excepcionales. Harry Kane, conocido por sus remates cl\u00ednicos y su coeficiente intelectual futbol\u00edstico, lidera la l\u00ednea. Leroy Sane, con su ritmo vertiginoso y su capacidad para atravesar defensas, junto con Jamal Musiala, cuya agilidad y creatividad est\u00e1n m\u00e1s all\u00e1 de su edad, hacen del Bayern una fuerza formidable capaz de desmantelar cualquier defensa.<\/p>\n<p>El Arsenal, guiado por Mikel Arteta Amatriain, pone en primer plano su propio estilo de f\u00fatbol apasionante. Bukayo Saka destaca por su polivalencia y capacidad para realizar jugadas decisivas. Declan Rice ancla el mediocampo con sus excepcionales habilidades defensivas y su capacidad para lanzar ataques, mientras que la s\u00f3lida presencia y el dinamismo del mediocampo de Thomas Partey brindan al Arsenal la fuerza para desafiar a los mejores de Europa.<\/p>\n<p>Mientras estos dos titanes se preparan para enfrentarse en el Allianz Arena, los fan\u00e1ticos de todo el mundo se preparan para un choque que promete batallas t\u00e1cticas, duelos individuales y momentos de pura brillantez. Este encuentro no es s\u00f3lo un testimonio de las ambiciones de los equipos, sino tambi\u00e9n una celebraci\u00f3n del f\u00fatbol en su m\u00e1xima expresi\u00f3n. \u00bfPrevalecer\u00e1 el poderoso equipo del Bayern de M\u00fanich o el equipo din\u00e1mico y en\u00e9rgico del Arsenal se abrir\u00e1 camino hacia la victoria? El escenario est\u00e1 preparado para una noche inolvidable en la UEFA Champions League.<\/p>\n","protected":false},"excerpt":{"rendered":"<p>El partido de vuelta de los cuartos de final de la Liga de Campeones de la UEFA ofrece un encuentro emocionante entre el Bayern de M\u00fanich y el Arsenal el 17 de abril a las 21:00 horas. Este partido, celebrado en el Allianz Arena, es una muestra de dos filosof\u00edas futbol\u00edsticas bajo la direcci\u00f3n de&#8230;<\/p>\n","protected":false},"featured_media":3197,"comment_status":"closed","ping_status":"closed","template":"","meta":{"_acf_changed":false},"product_brand":[],"product_cat":[548],"product_tag":[],"location":[381],"event-position":[],"teams":[382,383],"venues":[384],"event-tours":[],"event-tournaments":[364],"class_list":{"0":"post-3196","1":"product","2":"type-product","3":"status-publish","4":"has-post-thumbnail","6":"product_cat-deportes","7":"location-germany-es","8":"teams-arsenal-es","9":"teams-bayern-munich-es","10":"venues-allianz-arena-munchen-es","11":"event-tournaments-champions-league-es","13":"first","14":"instock","15":"taxable","16":"shipping-taxable","17":"purchasable","18":"product-type-simple"},"acf":[],"_links":{"self":[{"href":"https:\/\/reservedsection.com\/es\/wp-json\/wp\/v2\/product\/3196","targetHints":{"allow":["GET"]}}],"collection":[{"href":"https:\/\/reservedsection.com\/es\/wp-json\/wp\/v2\/product"}],"about":[{"href":"https:\/\/reservedsection.com\/es\/wp-json\/wp\/v2\/types\/product"}],"replies":[{"embeddable":true,"href":"https:\/\/reservedsection.com\/es\/wp-json\/wp\/v2\/comments?post=3196"}],"wp:featuredmedia":[{"embeddable":true,"href":"https:\/\/reservedsection.com\/es\/wp-json\/wp\/v2\/media\/3197"}],"wp:attachment":[{"href":"https:\/\/reservedsection.com\/es\/wp-json\/wp\/v2\/media?parent=3196"}],"wp:term":[{"taxonomy":"product_brand","embeddable":true,"href":"https:\/\/reservedsection.com\/es\/wp-json\/wp\/v2\/product_brand?post=3196"},{"taxonomy":"product_cat","embeddable":true,"href":"https:\/\/reservedsection.com\/es\/wp-json\/wp\/v2\/product_cat?post=3196"},{"taxonomy":"product_tag","embeddable":true,"href":"https:\/\/reservedsection.com\/es\/wp-json\/wp\/v2\/product_tag?post=3196"},{"taxonomy":"location","embeddable":true,"href":"https:\/\/reservedsection.com\/es\/wp-json\/wp\/v2\/location?post=3196"},{"taxonomy":"event-position","embeddable":true,"href":"https:\/\/reservedsection.com\/es\/wp-json\/wp\/v2\/event-position?post=3196"},{"taxonomy":"teams","embeddable":true,"href":"https:\/\/reservedsection.com\/es\/wp-json\/wp\/v2\/teams?post=3196"},{"taxonomy":"venues","embeddable":true,"href":"https:\/\/reservedsection.com\/es\/wp-json\/wp\/v2\/venues?post=3196"},{"taxonomy":"event-tours","embeddable":true,"href":"https:\/\/reservedsection.com\/es\/wp-json\/wp\/v2\/event-tours?post=3196"},{"taxonomy":"event-tournaments","embeddable":true,"href":"https:\/\/reservedsection.com\/es\/wp-json\/wp\/v2\/event-tournaments?post=3196"}],"curies":[{"name":"wp","href":"https:\/\/api.w.org\/{rel}","templated":true}]}}