
{"id":3198,"date":"2024-03-16T19:17:45","date_gmt":"2024-03-16T19:17:45","guid":{"rendered":"https:\/\/reservedsection.com\/event\/manchester-city-vs-real-madrid\/"},"modified":"2024-04-22T13:11:09","modified_gmt":"2024-04-22T13:11:09","slug":"manchester-city-vs-real-madrid","status":"publish","type":"product","link":"https:\/\/reservedsection.com\/es\/event\/manchester-city-vs-real-madrid\/","title":{"rendered":"Manchester City vs Real Madrid"},"content":{"rendered":"<p>El partido de vuelta de los cuartos de final de la UEFA Champions League presenta un choque tit\u00e1nico el 17 de abril a las 21:00 horas, cuando el Manchester City se enfrente al Real Madrid en el Etihad Stadium. Este encuentro es m\u00e1s que un simple partido; es una batalla de filosof\u00edas futbol\u00edsticas, que enfrenta el ingenio t\u00e1ctico de Pep Guardiola con la experiencia y el conocimiento estrat\u00e9gico de Carlo Ancelotti.<\/p>\n<p>El Manchester City, bajo el liderazgo de Pep Guardiola, cuenta con un equipo repleto de talento de talla mundial. A la vanguardia est\u00e1 Erling Haaland, cuyo historial goleador es nada menos que fenomenal. Lo complementan Philip Foden, conocido por su agilidad y remates precisos, y Kevin De Bruyne, cuya visi\u00f3n y rango de pases pueden desmantelar cualquier defensa. Este tridente convierte al City en un rival temible capaz de dominar el escenario europeo.<\/p>\n<p>El Real Madrid, guiado por Carlo Ancelotti, contraataca con su propio grupo de estrellas. Jude Bellingham se ha convertido r\u00e1pidamente en una pieza clave del mediocampo, ofreciendo solidez defensiva y creatividad en ataque. Junior Vinicius a\u00f1ade ritmo y habilidad por las bandas, lo que lo convierte en una amenaza constante, mientras que la versatilidad y el ritmo de trabajo de Federico Valverde son invaluables para la din\u00e1mica del equipo. Arda G\u00fcler, aunque m\u00e1s joven, aporta un estilo fresco que podr\u00eda sorprender a sus oponentes.<\/p>\n<p>Mientras estos dos gigantes se preparan para enfrentarse en el Etihad Stadium, el mundo del f\u00fatbol espera ansiosamente un partido lleno de profundidad t\u00e1ctica, brillantez individual y momentos que quedar\u00e1n grabados en los anales de la historia de la UEFA Champions League. \u00bfPrevalecer\u00e1 la destreza ofensiva del Manchester City o triunfar\u00e1 la fuerza equilibrada y la ejecuci\u00f3n estrat\u00e9gica del Real Madrid? Este enfrentamiento ser\u00e1 un encuentro cl\u00e1sico en el f\u00fatbol europeo.<\/p>\n","protected":false},"excerpt":{"rendered":"<p>El partido de vuelta de los cuartos de final de la UEFA Champions League presenta un choque tit\u00e1nico el 17 de abril a las 21:00 horas, cuando el Manchester City se enfrente al Real Madrid en el Etihad Stadium. Este encuentro es m\u00e1s que un simple partido; es una batalla de filosof\u00edas futbol\u00edsticas, que enfrenta&#8230;<\/p>\n","protected":false},"featured_media":3199,"comment_status":"closed","ping_status":"closed","template":"","meta":{"_acf_changed":false},"product_brand":[],"product_cat":[548],"product_tag":[],"location":[361],"event-position":[366],"teams":[385,386],"venues":[387],"event-tours":[],"event-tournaments":[364],"class_list":{"0":"post-3198","1":"product","2":"type-product","3":"status-publish","4":"has-post-thumbnail","6":"product_cat-deportes","7":"location-england-es","8":"event-position-featured-event-es","9":"teams-manchester-city-es","10":"teams-real-madrid-es","11":"venues-etihad-stadium-manchester-es","12":"event-tournaments-champions-league-es","14":"first","15":"instock","16":"taxable","17":"shipping-taxable","18":"purchasable","19":"product-type-simple"},"acf":[],"_links":{"self":[{"href":"https:\/\/reservedsection.com\/es\/wp-json\/wp\/v2\/product\/3198","targetHints":{"allow":["GET"]}}],"collection":[{"href":"https:\/\/reservedsection.com\/es\/wp-json\/wp\/v2\/product"}],"about":[{"href":"https:\/\/reservedsection.com\/es\/wp-json\/wp\/v2\/types\/product"}],"replies":[{"embeddable":true,"href":"https:\/\/reservedsection.com\/es\/wp-json\/wp\/v2\/comments?post=3198"}],"wp:featuredmedia":[{"embeddable":true,"href":"https:\/\/reservedsection.com\/es\/wp-json\/wp\/v2\/media\/3199"}],"wp:attachment":[{"href":"https:\/\/reservedsection.com\/es\/wp-json\/wp\/v2\/media?parent=3198"}],"wp:term":[{"taxonomy":"product_brand","embeddable":true,"href":"https:\/\/reservedsection.com\/es\/wp-json\/wp\/v2\/product_brand?post=3198"},{"taxonomy":"product_cat","embeddable":true,"href":"https:\/\/reservedsection.com\/es\/wp-json\/wp\/v2\/product_cat?post=3198"},{"taxonomy":"product_tag","embeddable":true,"href":"https:\/\/reservedsection.com\/es\/wp-json\/wp\/v2\/product_tag?post=3198"},{"taxonomy":"location","embeddable":true,"href":"https:\/\/reservedsection.com\/es\/wp-json\/wp\/v2\/location?post=3198"},{"taxonomy":"event-position","embeddable":true,"href":"https:\/\/reservedsection.com\/es\/wp-json\/wp\/v2\/event-position?post=3198"},{"taxonomy":"teams","embeddable":true,"href":"https:\/\/reservedsection.com\/es\/wp-json\/wp\/v2\/teams?post=3198"},{"taxonomy":"venues","embeddable":true,"href":"https:\/\/reservedsection.com\/es\/wp-json\/wp\/v2\/venues?post=3198"},{"taxonomy":"event-tours","embeddable":true,"href":"https:\/\/reservedsection.com\/es\/wp-json\/wp\/v2\/event-tours?post=3198"},{"taxonomy":"event-tournaments","embeddable":true,"href":"https:\/\/reservedsection.com\/es\/wp-json\/wp\/v2\/event-tournaments?post=3198"}],"curies":[{"name":"wp","href":"https:\/\/api.w.org\/{rel}","templated":true}]}}