
{"id":3200,"date":"2024-03-16T19:13:38","date_gmt":"2024-03-16T19:13:38","guid":{"rendered":"https:\/\/reservedsection.com\/event\/borussia-dortmund-vs-atletico-de-madrid\/"},"modified":"2024-04-22T13:11:09","modified_gmt":"2024-04-22T13:11:09","slug":"borussia-dortmund-vs-atletico-de-madrid","status":"publish","type":"product","link":"https:\/\/reservedsection.com\/es\/event\/borussia-dortmund-vs-atletico-de-madrid\/","title":{"rendered":"Borussia Dortmund vs Atl\u00e9tico de Madrid"},"content":{"rendered":"<p>El 16 de abril, a las 21:00, el partido de vuelta de los cuartos de final de la UEFA Champions League traer\u00e1 un apasionante enfrentamiento entre el Borussia Dortmund y el Atl\u00e9tico de Madrid en el ic\u00f3nico Signal Iduna Park. Este partido promete ser un encuentro apasionante entre dos de las potencias del f\u00fatbol europeo, cada una con una rica historia en la competici\u00f3n y un ardiente deseo de seguir avanzando.<\/p>\n<p>El Borussia Dortmund, bajo la perspicacia t\u00e1ctica del entrenador Edin Terzic, presenta un equipo rebosante de talento y ambici\u00f3n. Jugadores como Julian Brandt, cuya delicadeza y visi\u00f3n pueden desbloquear cualquier defensa, Niclas F\u00fcllkrug, un delantero conocido por su notable instinto goleador, y Marcel Sabitzer, cuya destreza en el mediocampo proporciona estabilidad y creatividad, hacen del Dortmund un oponente formidable en su d\u00eda.<\/p>\n<p>Frente a ellos, el Atl\u00e9tico de Madrid, liderado por el apasionado y estrat\u00e9gico Diego Simeone, es un equipo que encarna resiliencia y disciplina t\u00e1ctica. Con gente como \u00c1lvaro Morata, cuya presencia en el \u00e1rea siempre es una amenaza; Antoine Griezmann, conocido por su talento y habilidad para crear juego; y Memphis Depay, cuya velocidad y habilidad pueden cambiar el rumbo de un partido, el Atl\u00e9tico est\u00e1 preparado para desafiar al Dortmund en todos los frentes.<\/p>\n<p>El Signal Iduna Park, conocido por su atm\u00f3sfera electrizante, ser\u00e1 el escenario de este choque de titanes, donde la estrategia, la habilidad y la determinaci\u00f3n jugar\u00e1n papeles fundamentales. Mientras el Dortmund aprovecha su ventaja de local contra el experimentado Atl\u00e9tico de Madrid, los fan\u00e1ticos de todo el mundo pueden esperar un partido lleno de intensidad, batallas t\u00e1cticas y momentos de brillantez individual. Este encuentro no es s\u00f3lo un juego; es un testimonio del esp\u00edritu implacable del f\u00fatbol europeo.<\/p>\n","protected":false},"excerpt":{"rendered":"<p>El 16 de abril, a las 21:00, el partido de vuelta de los cuartos de final de la UEFA Champions League traer\u00e1 un apasionante enfrentamiento entre el Borussia Dortmund y el Atl\u00e9tico de Madrid en el ic\u00f3nico Signal Iduna Park. Este partido promete ser un encuentro apasionante entre dos de las potencias del f\u00fatbol europeo,&#8230;<\/p>\n","protected":false},"featured_media":3202,"comment_status":"closed","ping_status":"closed","template":"","meta":{"_acf_changed":false},"product_brand":[],"product_cat":[548],"product_tag":[],"location":[381],"event-position":[366],"teams":[388,389],"venues":[390],"event-tours":[],"event-tournaments":[364],"class_list":{"0":"post-3200","1":"product","2":"type-product","3":"status-publish","4":"has-post-thumbnail","6":"product_cat-deportes","7":"location-germany-es","8":"event-position-featured-event-es","9":"teams-atletico-de-madrid-es","10":"teams-dortmund-es","11":"venues-signal-iduna-park-dortmund-es","12":"event-tournaments-champions-league-es","14":"first","15":"instock","16":"taxable","17":"shipping-taxable","18":"purchasable","19":"product-type-simple"},"acf":[],"_links":{"self":[{"href":"https:\/\/reservedsection.com\/es\/wp-json\/wp\/v2\/product\/3200","targetHints":{"allow":["GET"]}}],"collection":[{"href":"https:\/\/reservedsection.com\/es\/wp-json\/wp\/v2\/product"}],"about":[{"href":"https:\/\/reservedsection.com\/es\/wp-json\/wp\/v2\/types\/product"}],"replies":[{"embeddable":true,"href":"https:\/\/reservedsection.com\/es\/wp-json\/wp\/v2\/comments?post=3200"}],"wp:featuredmedia":[{"embeddable":true,"href":"https:\/\/reservedsection.com\/es\/wp-json\/wp\/v2\/media\/3202"}],"wp:attachment":[{"href":"https:\/\/reservedsection.com\/es\/wp-json\/wp\/v2\/media?parent=3200"}],"wp:term":[{"taxonomy":"product_brand","embeddable":true,"href":"https:\/\/reservedsection.com\/es\/wp-json\/wp\/v2\/product_brand?post=3200"},{"taxonomy":"product_cat","embeddable":true,"href":"https:\/\/reservedsection.com\/es\/wp-json\/wp\/v2\/product_cat?post=3200"},{"taxonomy":"product_tag","embeddable":true,"href":"https:\/\/reservedsection.com\/es\/wp-json\/wp\/v2\/product_tag?post=3200"},{"taxonomy":"location","embeddable":true,"href":"https:\/\/reservedsection.com\/es\/wp-json\/wp\/v2\/location?post=3200"},{"taxonomy":"event-position","embeddable":true,"href":"https:\/\/reservedsection.com\/es\/wp-json\/wp\/v2\/event-position?post=3200"},{"taxonomy":"teams","embeddable":true,"href":"https:\/\/reservedsection.com\/es\/wp-json\/wp\/v2\/teams?post=3200"},{"taxonomy":"venues","embeddable":true,"href":"https:\/\/reservedsection.com\/es\/wp-json\/wp\/v2\/venues?post=3200"},{"taxonomy":"event-tours","embeddable":true,"href":"https:\/\/reservedsection.com\/es\/wp-json\/wp\/v2\/event-tours?post=3200"},{"taxonomy":"event-tournaments","embeddable":true,"href":"https:\/\/reservedsection.com\/es\/wp-json\/wp\/v2\/event-tournaments?post=3200"}],"curies":[{"name":"wp","href":"https:\/\/api.w.org\/{rel}","templated":true}]}}