
{"id":3201,"date":"2024-03-16T19:09:59","date_gmt":"2024-03-16T19:09:59","guid":{"rendered":"https:\/\/reservedsection.com\/event\/fc-barcelona-vs-paris-saint-germain\/"},"modified":"2024-04-22T13:11:09","modified_gmt":"2024-04-22T13:11:09","slug":"fc-barcelona-vs-paris-saint-germain","status":"publish","type":"product","link":"https:\/\/reservedsection.com\/es\/event\/fc-barcelona-vs-paris-saint-germain\/","title":{"rendered":"FC Barcelona vs Paris Saint Germain"},"content":{"rendered":"<p>En un electrizante choque de vuelta de los cuartos de final de la UEFA Champions League, el FC Barcelona se enfrentar\u00e1 al Paris Saint-Germain el 16 de abril a las 21:00 horas. El partido promete mucho en juego y un f\u00fatbol emocionante cuando estos dos gigantes europeos choquen en el Estadio Ol\u00edmpico Llu\u00eds Companys, un escenario preparado para momentos inolvidables.<\/p>\n<p>Bajo la direcci\u00f3n estrat\u00e9gica del entrenador Xavi, el FC Barcelona cuenta con una alineaci\u00f3n formidable que incluye talentos como el prodigioso Lamine Yamal, el prol\u00edfico goleador Robert Lewandowski y el maestro del mediocampo \u0130lkay Gundo\u011fan. Su destreza con el bal\u00f3n y su perspicacia t\u00e1ctica los convierten en una fuerza a tener en cuenta en cualquier d\u00eda.<\/p>\n<p>El Paris Saint-Germain, dirigido por el entrenador Luis Enrique, contraatacar\u00e1 con su propio grupo de estrellas, incluido el electrizante Kylian Mbapp\u00e9, el incondicional defensivo Lucas Hern\u00e1ndez y el vers\u00e1til Ousmane Demb\u00e9l\u00e9. Su habilidad, velocidad y creatividad representan una amenaza significativa para cualquier oponente, prometiendo un partido lleno de batallas t\u00e1cticas y brillantez individual.<\/p>\n<p>Mientras los equipos se preparan para enfrentarse en el Estadio Ol\u00edmpico Llu\u00eds Companys, los fan\u00e1ticos de todo el mundo anticipan un partido que resume la belleza y la emoci\u00f3n del f\u00fatbol. \u00bfPrevalecer\u00e1 la destreza t\u00e9cnica del Barcelona o saldr\u00e1 victorioso el din\u00e1mico ataque del PSG? S\u00f3lo el tiempo lo dir\u00e1, pero una cosa es segura: este choque ser\u00e1 un punto culminante del calendario futbol\u00edstico.<\/p>\n","protected":false},"excerpt":{"rendered":"<p>En un electrizante choque de vuelta de los cuartos de final de la UEFA Champions League, el FC Barcelona se enfrentar\u00e1 al Paris Saint-Germain el 16 de abril a las 21:00 horas. El partido promete mucho en juego y un f\u00fatbol emocionante cuando estos dos gigantes europeos choquen en el Estadio Ol\u00edmpico Llu\u00eds Companys, un&#8230;<\/p>\n","protected":false},"featured_media":3204,"comment_status":"closed","ping_status":"closed","template":"","meta":{"_acf_changed":false},"product_brand":[],"product_cat":[548],"product_tag":[],"location":[391],"event-position":[366],"teams":[392,393],"venues":[394],"event-tours":[],"event-tournaments":[364],"class_list":{"0":"post-3201","1":"product","2":"type-product","3":"status-publish","4":"has-post-thumbnail","6":"product_cat-deportes","7":"location-spain-es","8":"event-position-featured-event-es","9":"teams-fc-barcelona-es","10":"teams-psg-es","11":"venues-estadio-olimpico-lluis-company-barcelona-es","12":"event-tournaments-champions-league-es","14":"first","15":"instock","16":"taxable","17":"shipping-taxable","18":"purchasable","19":"product-type-simple"},"acf":[],"_links":{"self":[{"href":"https:\/\/reservedsection.com\/es\/wp-json\/wp\/v2\/product\/3201","targetHints":{"allow":["GET"]}}],"collection":[{"href":"https:\/\/reservedsection.com\/es\/wp-json\/wp\/v2\/product"}],"about":[{"href":"https:\/\/reservedsection.com\/es\/wp-json\/wp\/v2\/types\/product"}],"replies":[{"embeddable":true,"href":"https:\/\/reservedsection.com\/es\/wp-json\/wp\/v2\/comments?post=3201"}],"wp:featuredmedia":[{"embeddable":true,"href":"https:\/\/reservedsection.com\/es\/wp-json\/wp\/v2\/media\/3204"}],"wp:attachment":[{"href":"https:\/\/reservedsection.com\/es\/wp-json\/wp\/v2\/media?parent=3201"}],"wp:term":[{"taxonomy":"product_brand","embeddable":true,"href":"https:\/\/reservedsection.com\/es\/wp-json\/wp\/v2\/product_brand?post=3201"},{"taxonomy":"product_cat","embeddable":true,"href":"https:\/\/reservedsection.com\/es\/wp-json\/wp\/v2\/product_cat?post=3201"},{"taxonomy":"product_tag","embeddable":true,"href":"https:\/\/reservedsection.com\/es\/wp-json\/wp\/v2\/product_tag?post=3201"},{"taxonomy":"location","embeddable":true,"href":"https:\/\/reservedsection.com\/es\/wp-json\/wp\/v2\/location?post=3201"},{"taxonomy":"event-position","embeddable":true,"href":"https:\/\/reservedsection.com\/es\/wp-json\/wp\/v2\/event-position?post=3201"},{"taxonomy":"teams","embeddable":true,"href":"https:\/\/reservedsection.com\/es\/wp-json\/wp\/v2\/teams?post=3201"},{"taxonomy":"venues","embeddable":true,"href":"https:\/\/reservedsection.com\/es\/wp-json\/wp\/v2\/venues?post=3201"},{"taxonomy":"event-tours","embeddable":true,"href":"https:\/\/reservedsection.com\/es\/wp-json\/wp\/v2\/event-tours?post=3201"},{"taxonomy":"event-tournaments","embeddable":true,"href":"https:\/\/reservedsection.com\/es\/wp-json\/wp\/v2\/event-tournaments?post=3201"}],"curies":[{"name":"wp","href":"https:\/\/api.w.org\/{rel}","templated":true}]}}