
{"id":3203,"date":"2024-03-16T18:59:06","date_gmt":"2024-03-16T18:59:06","guid":{"rendered":"https:\/\/reservedsection.com\/event\/fenerbahce-vs-olympiacos\/"},"modified":"2024-04-22T13:11:10","modified_gmt":"2024-04-22T13:11:10","slug":"fenerbahce-vs-olympiacos","status":"publish","type":"product","link":"https:\/\/reservedsection.com\/es\/event\/fenerbahce-vs-olympiacos\/","title":{"rendered":"Fenerbahce vs Olympiacos"},"content":{"rendered":"<p>Los cuartos de final de la UEFA Europa Conference League culminar\u00e1n con un dram\u00e1tico enfrentamiento cuando el Fenerbah\u00e7e reciba al Olympiacos en el \u00dclker Stadyumu para el decisivo partido de vuelta el 18 de abril a las 22:00. Este encuentro promete no s\u00f3lo una batalla por un puesto en las semifinales, sino tambi\u00e9n un choque de filosof\u00edas futbol\u00edsticas, con ambos equipos ansiosos por demostrar sus credenciales europeas en este gran escenario.<\/p>\n<p>El Fenerbah\u00e7e, bajo el experimentado mando de \u0130smail Kartal, ha demostrado ser una fuerza formidable durante todo el torneo. Con un equipo que cuenta con jugadores como Edin Dzeko, Du\u0161an Tadic, Fred e \u0130rfan Can Kahveci, los gigantes turcos tienen una combinaci\u00f3n de experiencia internacional y habilidad t\u00e9cnica que puede cambiar el rumbo de cualquier juego. Su actuaci\u00f3n en el \u00dclker Stadyumu, una fortaleza de pasi\u00f3n e intensidad, ser\u00e1 crucial para aprovechar su ventaja de jugar en casa y asegurarse un lugar en la siguiente ronda.<\/p>\n<p>El Olympiacos, guiado por Jos\u00e9 Luis Mendilibar, entra en liza con una plantilla capaz de imponer su voluntad ante cualquier rival. Jugadores como Giorgos Masouras, Daniel Podence y Ayoub El Kaabi son fundamentales para la estrategia de ataque del equipo griego, ya que ofrecen ritmo, creatividad y capacidad goleadora. Su resiliencia y disciplina t\u00e1ctica quedaron plenamente demostradas en las rondas anteriores, lo que ilustra su capacidad para competir al m\u00e1s alto nivel del f\u00fatbol europeo.<\/p>\n<p>Este encuentro de vuelta es m\u00e1s que un simple partido; es un testimonio del esp\u00edritu competitivo de la UEFA Europa Conference League. Tanto el Fenerbah\u00e7e como el Olympiacos han tenido sus propios desaf\u00edos en su camino hacia los cuartos de final, pero es precisamente este viaje el que los ha preparado para los momentos cr\u00edticos que les esperan.<\/p>\n<p>A medida que se acerca el partido, la anticipaci\u00f3n aumenta no s\u00f3lo entre los fan\u00e1ticos sino tambi\u00e9n dentro de los equipos, a medida que los jugadores y entrenadores afinan sus estrategias y se preparan para una noche que podr\u00eda definir su temporada. El \u00dclker Stadyumu ser\u00e1 un hervidero de ruido y expectaci\u00f3n, con los aficionados del Fenerbah\u00e7e dispuestos a desempe\u00f1ar su papel para llevar a su equipo a la meta. Sin embargo, el Olympiacos no es ajeno a los entornos hostiles y estar\u00e1 decidido a mostrar su calidad, creando una atm\u00f3sfera electrizante.<\/p>\n<p>Este choque entre Fenerbah\u00e7e y Olympiacos ser\u00e1 un momento destacado del calendario del f\u00fatbol europeo, y ambos equipos son muy conscientes de lo que est\u00e1 en juego. A medida que se acerca el pitido final, s\u00f3lo un equipo puede salir victorioso, dando un paso m\u00e1s hacia levantar el trofeo de la UEFA Europa Conference League. El escenario est\u00e1 preparado para una velada de f\u00fatbol memorable, donde se crear\u00e1n h\u00e9roes y los sue\u00f1os se har\u00e1n realidad o se desvanecer\u00e1n en la b\u00fasqueda de la gloria.<\/p>\n<p>#EntradasFenerbahce<\/p>\n","protected":false},"excerpt":{"rendered":"<p>Los cuartos de final de la UEFA Europa Conference League culminar\u00e1n con un dram\u00e1tico enfrentamiento cuando el Fenerbah\u00e7e reciba al Olympiacos en el \u00dclker Stadyumu para el decisivo partido de vuelta el 18 de abril a las 22:00. Este encuentro promete no s\u00f3lo una batalla por un puesto en las semifinales, sino tambi\u00e9n un choque&#8230;<\/p>\n","protected":false},"featured_media":3206,"comment_status":"closed","ping_status":"closed","template":"","meta":{"_acf_changed":false},"product_brand":[],"product_cat":[548],"product_tag":[],"location":[395],"event-position":[366],"teams":[396,397],"venues":[398],"event-tours":[],"event-tournaments":[399],"class_list":{"0":"post-3203","1":"product","2":"type-product","3":"status-publish","4":"has-post-thumbnail","6":"product_cat-deportes","7":"location-turkiye-es","8":"event-position-featured-event-es","9":"teams-fenerbahce-es","10":"teams-olympiacos-es","11":"venues-ulker-arena-istanbul-es","12":"event-tournaments-conferenceleague-es","14":"first","15":"instock","16":"taxable","17":"shipping-taxable","18":"purchasable","19":"product-type-simple"},"acf":[],"_links":{"self":[{"href":"https:\/\/reservedsection.com\/es\/wp-json\/wp\/v2\/product\/3203","targetHints":{"allow":["GET"]}}],"collection":[{"href":"https:\/\/reservedsection.com\/es\/wp-json\/wp\/v2\/product"}],"about":[{"href":"https:\/\/reservedsection.com\/es\/wp-json\/wp\/v2\/types\/product"}],"replies":[{"embeddable":true,"href":"https:\/\/reservedsection.com\/es\/wp-json\/wp\/v2\/comments?post=3203"}],"wp:featuredmedia":[{"embeddable":true,"href":"https:\/\/reservedsection.com\/es\/wp-json\/wp\/v2\/media\/3206"}],"wp:attachment":[{"href":"https:\/\/reservedsection.com\/es\/wp-json\/wp\/v2\/media?parent=3203"}],"wp:term":[{"taxonomy":"product_brand","embeddable":true,"href":"https:\/\/reservedsection.com\/es\/wp-json\/wp\/v2\/product_brand?post=3203"},{"taxonomy":"product_cat","embeddable":true,"href":"https:\/\/reservedsection.com\/es\/wp-json\/wp\/v2\/product_cat?post=3203"},{"taxonomy":"product_tag","embeddable":true,"href":"https:\/\/reservedsection.com\/es\/wp-json\/wp\/v2\/product_tag?post=3203"},{"taxonomy":"location","embeddable":true,"href":"https:\/\/reservedsection.com\/es\/wp-json\/wp\/v2\/location?post=3203"},{"taxonomy":"event-position","embeddable":true,"href":"https:\/\/reservedsection.com\/es\/wp-json\/wp\/v2\/event-position?post=3203"},{"taxonomy":"teams","embeddable":true,"href":"https:\/\/reservedsection.com\/es\/wp-json\/wp\/v2\/teams?post=3203"},{"taxonomy":"venues","embeddable":true,"href":"https:\/\/reservedsection.com\/es\/wp-json\/wp\/v2\/venues?post=3203"},{"taxonomy":"event-tours","embeddable":true,"href":"https:\/\/reservedsection.com\/es\/wp-json\/wp\/v2\/event-tours?post=3203"},{"taxonomy":"event-tournaments","embeddable":true,"href":"https:\/\/reservedsection.com\/es\/wp-json\/wp\/v2\/event-tournaments?post=3203"}],"curies":[{"name":"wp","href":"https:\/\/api.w.org\/{rel}","templated":true}]}}