
{"id":3205,"date":"2024-03-16T18:54:25","date_gmt":"2024-03-16T18:54:25","guid":{"rendered":"https:\/\/reservedsection.com\/event\/paok-vs-club-brugge\/"},"modified":"2024-04-22T13:11:10","modified_gmt":"2024-04-22T13:11:10","slug":"paok-vs-club-brugge","status":"publish","type":"product","link":"https:\/\/reservedsection.com\/es\/event\/paok-vs-club-brugge\/","title":{"rendered":"PAOK vs Club Brugge"},"content":{"rendered":"<p>Los cuartos de final de la UEFA Europa Conference League est\u00e1n llegando a un punto culminante, ya que el PAOK recibir\u00e1 al Club Brugge en el partido de vuelta de la eliminatoria el 18 de abril a las 21:00. Este partido fundamental tendr\u00e1 lugar en el Stadio Toumbas, una fortaleza conocida por su atm\u00f3sfera intimidante y sus apasionados seguidores. Dado que ambos equipos se enfrentaron en el partido de ida, este partido de vuelta est\u00e1 perfectamente preparado para ser un encuentro emocionante, lleno de estrategia, habilidad y determinaci\u00f3n para asegurarse un lugar en las semifinales.<\/p>\n<p>El PAOK, bajo la direcci\u00f3n del entrenador C. Bacci, ha demostrado su fuerza y \u200b\u200bresistencia durante todo el torneo. Con jugadores clave como Kiril Despodov, Taison y Thomas Murg, el PAOK posee un ataque din\u00e1mico y potente capaz de desestabilizar cualquier defensa. Su actuaci\u00f3n en el partido de ida sin duda influir\u00e1 en su planteamiento de este crucial partido en casa, donde intentar\u00e1n aprovechar el apoyo de sus fervientes aficionados para superar a sus oponentes.<\/p>\n<p>Por otro lado, el Club Brujas, dirigido por el t\u00e9cnico R. Deila, ha demostrado su calidad y ambici\u00f3n en la competici\u00f3n. El equipo belga, que cuenta con talentos como Igor Thiago, Andreas Skov Olsen y Philip Zinckernagel, tiene un equipo equilibrado con la capacidad de cambiar el rumbo de cualquier partido. Sus resultados anteriores en el torneo reflejan un equipo que no s\u00f3lo es t\u00e1cticamente astuto sino tambi\u00e9n capaz de ejecutar bajo presi\u00f3n.<\/p>\n<p>Cuando comienza la cuenta atr\u00e1s para el inicio del partido, tanto el PAOK como el Club Brugge ser\u00e1n conscientes de que a\u00fan queda todo por jugar. El Stadio Toumbas ser\u00e1 un hervidero de ruido y expectaci\u00f3n, con los aficionados locales presionando a su equipo para tomar la iniciativa y asegurar la victoria. Sin embargo, la determinaci\u00f3n y la flexibilidad t\u00e1ctica del Club Brugge significan que es m\u00e1s que capaz de abrirse camino hacia las semifinales en suelo extranjero.<\/p>\n<p>Este encuentro entre PAOK y Club Brugge es m\u00e1s que un simple partido; es una batalla de voluntades, una prueba de estrategia y una celebraci\u00f3n del rico tapiz del f\u00fatbol europeo. Mientras estos dos equipos se enfrentan, los fan\u00e1ticos de todo el mundo estar\u00e1n pegados a sus pantallas, ansiosos por presenciar qu\u00e9 equipo saldr\u00e1 victorioso y dar\u00e1 un paso m\u00e1s hacia la gloria de la Europa Conference League. El escenario est\u00e1 preparado para una noche memorable en Sal\u00f3nica, donde los sue\u00f1os de levantar el trofeo est\u00e1n cada vez m\u00e1s cerca de hacerse realidad.<\/p>\n","protected":false},"excerpt":{"rendered":"<p>Los cuartos de final de la UEFA Europa Conference League est\u00e1n llegando a un punto culminante, ya que el PAOK recibir\u00e1 al Club Brugge en el partido de vuelta de la eliminatoria el 18 de abril a las 21:00. Este partido fundamental tendr\u00e1 lugar en el Stadio Toumbas, una fortaleza conocida por su atm\u00f3sfera intimidante&#8230;<\/p>\n","protected":false},"featured_media":3209,"comment_status":"closed","ping_status":"closed","template":"","meta":{"_acf_changed":false},"product_brand":[],"product_cat":[548],"product_tag":[],"location":[400],"event-position":[],"teams":[401,402],"venues":[403],"event-tours":[],"event-tournaments":[399],"class_list":{"0":"post-3205","1":"product","2":"type-product","3":"status-publish","4":"has-post-thumbnail","6":"product_cat-deportes","7":"location-greece-es","8":"teams-club-brugge-es","9":"teams-paok-es","10":"venues-toumba-stadium-es","11":"event-tournaments-conferenceleague-es","13":"first","14":"instock","15":"taxable","16":"shipping-taxable","17":"purchasable","18":"product-type-simple"},"acf":[],"_links":{"self":[{"href":"https:\/\/reservedsection.com\/es\/wp-json\/wp\/v2\/product\/3205","targetHints":{"allow":["GET"]}}],"collection":[{"href":"https:\/\/reservedsection.com\/es\/wp-json\/wp\/v2\/product"}],"about":[{"href":"https:\/\/reservedsection.com\/es\/wp-json\/wp\/v2\/types\/product"}],"replies":[{"embeddable":true,"href":"https:\/\/reservedsection.com\/es\/wp-json\/wp\/v2\/comments?post=3205"}],"wp:featuredmedia":[{"embeddable":true,"href":"https:\/\/reservedsection.com\/es\/wp-json\/wp\/v2\/media\/3209"}],"wp:attachment":[{"href":"https:\/\/reservedsection.com\/es\/wp-json\/wp\/v2\/media?parent=3205"}],"wp:term":[{"taxonomy":"product_brand","embeddable":true,"href":"https:\/\/reservedsection.com\/es\/wp-json\/wp\/v2\/product_brand?post=3205"},{"taxonomy":"product_cat","embeddable":true,"href":"https:\/\/reservedsection.com\/es\/wp-json\/wp\/v2\/product_cat?post=3205"},{"taxonomy":"product_tag","embeddable":true,"href":"https:\/\/reservedsection.com\/es\/wp-json\/wp\/v2\/product_tag?post=3205"},{"taxonomy":"location","embeddable":true,"href":"https:\/\/reservedsection.com\/es\/wp-json\/wp\/v2\/location?post=3205"},{"taxonomy":"event-position","embeddable":true,"href":"https:\/\/reservedsection.com\/es\/wp-json\/wp\/v2\/event-position?post=3205"},{"taxonomy":"teams","embeddable":true,"href":"https:\/\/reservedsection.com\/es\/wp-json\/wp\/v2\/teams?post=3205"},{"taxonomy":"venues","embeddable":true,"href":"https:\/\/reservedsection.com\/es\/wp-json\/wp\/v2\/venues?post=3205"},{"taxonomy":"event-tours","embeddable":true,"href":"https:\/\/reservedsection.com\/es\/wp-json\/wp\/v2\/event-tours?post=3205"},{"taxonomy":"event-tournaments","embeddable":true,"href":"https:\/\/reservedsection.com\/es\/wp-json\/wp\/v2\/event-tournaments?post=3205"}],"curies":[{"name":"wp","href":"https:\/\/api.w.org\/{rel}","templated":true}]}}