
{"id":3210,"date":"2024-03-16T18:35:07","date_gmt":"2024-03-16T18:35:07","guid":{"rendered":"https:\/\/reservedsection.com\/event\/lille-vs-aston-villa\/"},"modified":"2024-04-22T13:11:11","modified_gmt":"2024-04-22T13:11:11","slug":"lille-vs-aston-villa","status":"publish","type":"product","link":"https:\/\/reservedsection.com\/es\/event\/lille-vs-aston-villa\/","title":{"rendered":"Lille vs Aston Villa"},"content":{"rendered":"<p>Prep\u00e1rese para un enfrentamiento crucial en la UEFA Europa Conference League cuando Lille reciba al Aston Villa en el partido de vuelta de los cuartos de final el 18 de abril a las 20:45. El escenario est\u00e1 preparado en el Decathlon Arena &#8211; Stade Pierre-Mauroy, donde el Lille, bajo la direcci\u00f3n de Paulo Fonseca, pretende aprovechar su ventaja de local y asegurarse un lugar en las semifinales. Con grandes talentos como Jonathan David, Edon Zhegrova, Lucas Chevalier y Yusuf Yaz\u0131c\u0131, Lille est\u00e1 preparado para mostrar su habilidad y determinaci\u00f3n en este encuentro crucial.<\/p>\n<p>Frente a ellos se encuentra un Aston Villa lleno de ambici\u00f3n y liderado por el estrat\u00e9gico Unai Emery. Despu\u00e9s de haber hecho una fuerte declaraci\u00f3n en su campa\u00f1a europea, los mejores de Villa Park, incluidas estrellas como Oliver Watkins, Douglas Luiz y Leon Bailey, est\u00e1n listos para demostrar su destreza y luchar por progresar en el torneo. Este partido promete no s\u00f3lo una batalla de t\u00e1cticas y talento sino tambi\u00e9n una prueba de resiliencia y pasi\u00f3n.<\/p>\n<p>Al tratarse del partido de vuelta de los cuartos de final, ambos equipos entienden que lo que est\u00e1 en juego no podr\u00eda ser mayor. \u00bfLos formidables jugadores del Lille aprovechar\u00e1n al m\u00e1ximo su estadio o el din\u00e1mico equipo del Aston Villa cambiar\u00e1 la situaci\u00f3n y saldr\u00e1 victorioso en suelo extranjero? Los fan\u00e1ticos del f\u00fatbol de todo el mundo disfrutar\u00e1n de un espect\u00e1culo emocionante lleno de acci\u00f3n intensa, jugabilidad estrat\u00e9gica y momentos brillantes que definen carreras y temporadas. No te pierdas este apasionante encuentro en el que Lille y Aston Villa compiten por la gloria en la UEFA Europa Conference League.<\/p>\n","protected":false},"excerpt":{"rendered":"<p>Prep\u00e1rese para un enfrentamiento crucial en la UEFA Europa Conference League cuando Lille reciba al Aston Villa en el partido de vuelta de los cuartos de final el 18 de abril a las 20:45. El escenario est\u00e1 preparado en el Decathlon Arena &#8211; Stade Pierre-Mauroy, donde el Lille, bajo la direcci\u00f3n de Paulo Fonseca, pretende&#8230;<\/p>\n","protected":false},"featured_media":3215,"comment_status":"closed","ping_status":"closed","template":"","meta":{"_acf_changed":false},"product_brand":[],"product_cat":[548],"product_tag":[],"location":[365],"event-position":[366],"teams":[407,408],"venues":[409],"event-tours":[],"event-tournaments":[399],"class_list":{"0":"post-3210","1":"product","2":"type-product","3":"status-publish","4":"has-post-thumbnail","6":"product_cat-deportes","7":"location-france-es","8":"event-position-featured-event-es","9":"teams-aston-villa-es","10":"teams-lille-es","11":"venues-stade-pierre-mauroy-villeneuve-dascq-es","12":"event-tournaments-conferenceleague-es","14":"first","15":"instock","16":"taxable","17":"shipping-taxable","18":"purchasable","19":"product-type-simple"},"acf":[],"_links":{"self":[{"href":"https:\/\/reservedsection.com\/es\/wp-json\/wp\/v2\/product\/3210","targetHints":{"allow":["GET"]}}],"collection":[{"href":"https:\/\/reservedsection.com\/es\/wp-json\/wp\/v2\/product"}],"about":[{"href":"https:\/\/reservedsection.com\/es\/wp-json\/wp\/v2\/types\/product"}],"replies":[{"embeddable":true,"href":"https:\/\/reservedsection.com\/es\/wp-json\/wp\/v2\/comments?post=3210"}],"wp:featuredmedia":[{"embeddable":true,"href":"https:\/\/reservedsection.com\/es\/wp-json\/wp\/v2\/media\/3215"}],"wp:attachment":[{"href":"https:\/\/reservedsection.com\/es\/wp-json\/wp\/v2\/media?parent=3210"}],"wp:term":[{"taxonomy":"product_brand","embeddable":true,"href":"https:\/\/reservedsection.com\/es\/wp-json\/wp\/v2\/product_brand?post=3210"},{"taxonomy":"product_cat","embeddable":true,"href":"https:\/\/reservedsection.com\/es\/wp-json\/wp\/v2\/product_cat?post=3210"},{"taxonomy":"product_tag","embeddable":true,"href":"https:\/\/reservedsection.com\/es\/wp-json\/wp\/v2\/product_tag?post=3210"},{"taxonomy":"location","embeddable":true,"href":"https:\/\/reservedsection.com\/es\/wp-json\/wp\/v2\/location?post=3210"},{"taxonomy":"event-position","embeddable":true,"href":"https:\/\/reservedsection.com\/es\/wp-json\/wp\/v2\/event-position?post=3210"},{"taxonomy":"teams","embeddable":true,"href":"https:\/\/reservedsection.com\/es\/wp-json\/wp\/v2\/teams?post=3210"},{"taxonomy":"venues","embeddable":true,"href":"https:\/\/reservedsection.com\/es\/wp-json\/wp\/v2\/venues?post=3210"},{"taxonomy":"event-tours","embeddable":true,"href":"https:\/\/reservedsection.com\/es\/wp-json\/wp\/v2\/event-tours?post=3210"},{"taxonomy":"event-tournaments","embeddable":true,"href":"https:\/\/reservedsection.com\/es\/wp-json\/wp\/v2\/event-tournaments?post=3210"}],"curies":[{"name":"wp","href":"https:\/\/api.w.org\/{rel}","templated":true}]}}