
{"id":3211,"date":"2024-03-16T18:24:45","date_gmt":"2024-03-16T18:24:45","guid":{"rendered":"https:\/\/reservedsection.com\/event\/aston-villa-vs-lille\/"},"modified":"2024-04-22T13:11:12","modified_gmt":"2024-04-22T13:11:12","slug":"aston-villa-vs-lille","status":"publish","type":"product","link":"https:\/\/reservedsection.com\/es\/event\/aston-villa-vs-lille\/","title":{"rendered":"Aston Villa vs Lille"},"content":{"rendered":"<p>La UEFA Europa Conference League ser\u00e1 testigo de otro choque cautivador en los cuartos de final cuando el Aston Villa se enfrente al Lille el 11 de abril a las 21:00. Este partido de ida promete ser un encuentro emocionante en Villa Park, un estadio famoso por su atm\u00f3sfera el\u00e9ctrica y sus seguidores apasionados. Este partido no s\u00f3lo resalta el esp\u00edritu competitivo del torneo, sino que tambi\u00e9n muestra la perspicacia t\u00e1ctica de dos entrenadores consumados, Unai Emery del Aston Villa y Paulo Fonseca del Lille, quienes competir\u00e1n para darle a sus equipos la ventaja en esta etapa crucial del torneo. competencia.<\/p>\n<p>Aston Villa, bajo la astuta direcci\u00f3n de Unai Emery, ha demostrado una resistencia y habilidad notables a lo largo del torneo. Sus resultados anteriores en la gira, en particular la contundente victoria por 4-0 sobre el Ajax, han solidificado su reputaci\u00f3n como una fuerza formidable capaz de despachar incluso a los oponentes m\u00e1s duros. Jugadores clave como Oliver Watkins, Douglas Luiz y Leon Bailey han sido fundamentales en el \u00e9xito de Villa, proporcionando al equipo una potente combinaci\u00f3n de ritmo, precisi\u00f3n y potencia. Su capacidad para rendir bajo presi\u00f3n ser\u00e1 crucial, ya que su objetivo es conseguir un resultado favorable en casa antes del partido de vuelta.<\/p>\n<p>En el lado contrario, el Lille, dirigido por Paulo Fonseca, tambi\u00e9n ha demostrado su valor en esta competici\u00f3n, con resultados impresionantes contra el Sturm Graz que destacan su capacidad ofensiva y su solidez defensiva. El equipo cuenta con una plantilla de jugadores talentosos, incluidos Jonathan David, Edon Zhegrova, Lucas Chevalier y Yusuf Yaz\u0131c\u0131, que constantemente han realizado actuaciones del m\u00e1s alto calibre. Su esfuerzo colectivo y brillantez individual han sido clave para el viaje del Lille en la Europa Conference League, convirti\u00e9ndolo en un oponente formidable para el Aston Villa.<\/p>\n<p>Este partido no es solo una batalla entre dos equipos, sino una partida de ajedrez entre Emery y Fonseca, quienes planear\u00e1n meticulosamente sus estrategias y t\u00e1cticas para burlar al otro. Las decisiones que se tomen en la l\u00ednea de banda, desde las formaciones hasta las sustituciones, bien podr\u00edan decidir el resultado de este re\u00f1ido encuentro.<\/p>\n<p>Villa Park ser\u00e1 el escenario de una noche memorable del f\u00fatbol europeo. La ventaja de jugar en casa puede darle al Aston Villa la ventaja que necesita para dar un paso significativo hacia las semifinales, pero el historial demostrado del Lille como visitante sugiere que son m\u00e1s que capaces de conseguir un resultado positivo fuera de casa. El choque entre el estilo ofensivo del Aston Villa y la disciplina t\u00e1ctica del Lille promete ser un espect\u00e1culo, con ambos equipos ansiosos por obtener una ventaja en el partido de ida de este enfrentamiento de cuartos de final.<\/p>\n<p>A medida que los aficionados de todo el mundo nos sintonizan, crece la expectaci\u00f3n por un partido que encapsula el esp\u00edritu de la competici\u00f3n europea. Tanto Aston Villa como Lille han demostrado que poseen la calidad y la determinaci\u00f3n para llegar lejos en la UEFA Europa Conference League, lo que hace que estos cuartos de final sean una visita obligada para cualquier entusiasta del f\u00fatbol. Con orgullo, prestigio y un lugar en las semifinales en juego, ambos equipos no se dejar\u00e1n nada en el terreno de juego en pos de la victoria.<\/p>\n","protected":false},"excerpt":{"rendered":"<p>La UEFA Europa Conference League ser\u00e1 testigo de otro choque cautivador en los cuartos de final cuando el Aston Villa se enfrente al Lille el 11 de abril a las 21:00. Este partido de ida promete ser un encuentro emocionante en Villa Park, un estadio famoso por su atm\u00f3sfera el\u00e9ctrica y sus seguidores apasionados. Este&#8230;<\/p>\n","protected":false},"featured_media":3217,"comment_status":"closed","ping_status":"closed","template":"","meta":{"_acf_changed":false},"product_brand":[],"product_cat":[548],"product_tag":[],"location":[361],"event-position":[366],"teams":[407,408],"venues":[410],"event-tours":[],"event-tournaments":[399],"class_list":{"0":"post-3211","1":"product","2":"type-product","3":"status-publish","4":"has-post-thumbnail","6":"product_cat-deportes","7":"location-england-es","8":"event-position-featured-event-es","9":"teams-aston-villa-es","10":"teams-lille-es","11":"venues-villa-park-birmingham-es","12":"event-tournaments-conferenceleague-es","14":"first","15":"instock","16":"taxable","17":"shipping-taxable","18":"purchasable","19":"product-type-simple"},"acf":[],"_links":{"self":[{"href":"https:\/\/reservedsection.com\/es\/wp-json\/wp\/v2\/product\/3211","targetHints":{"allow":["GET"]}}],"collection":[{"href":"https:\/\/reservedsection.com\/es\/wp-json\/wp\/v2\/product"}],"about":[{"href":"https:\/\/reservedsection.com\/es\/wp-json\/wp\/v2\/types\/product"}],"replies":[{"embeddable":true,"href":"https:\/\/reservedsection.com\/es\/wp-json\/wp\/v2\/comments?post=3211"}],"wp:featuredmedia":[{"embeddable":true,"href":"https:\/\/reservedsection.com\/es\/wp-json\/wp\/v2\/media\/3217"}],"wp:attachment":[{"href":"https:\/\/reservedsection.com\/es\/wp-json\/wp\/v2\/media?parent=3211"}],"wp:term":[{"taxonomy":"product_brand","embeddable":true,"href":"https:\/\/reservedsection.com\/es\/wp-json\/wp\/v2\/product_brand?post=3211"},{"taxonomy":"product_cat","embeddable":true,"href":"https:\/\/reservedsection.com\/es\/wp-json\/wp\/v2\/product_cat?post=3211"},{"taxonomy":"product_tag","embeddable":true,"href":"https:\/\/reservedsection.com\/es\/wp-json\/wp\/v2\/product_tag?post=3211"},{"taxonomy":"location","embeddable":true,"href":"https:\/\/reservedsection.com\/es\/wp-json\/wp\/v2\/location?post=3211"},{"taxonomy":"event-position","embeddable":true,"href":"https:\/\/reservedsection.com\/es\/wp-json\/wp\/v2\/event-position?post=3211"},{"taxonomy":"teams","embeddable":true,"href":"https:\/\/reservedsection.com\/es\/wp-json\/wp\/v2\/teams?post=3211"},{"taxonomy":"venues","embeddable":true,"href":"https:\/\/reservedsection.com\/es\/wp-json\/wp\/v2\/venues?post=3211"},{"taxonomy":"event-tours","embeddable":true,"href":"https:\/\/reservedsection.com\/es\/wp-json\/wp\/v2\/event-tours?post=3211"},{"taxonomy":"event-tournaments","embeddable":true,"href":"https:\/\/reservedsection.com\/es\/wp-json\/wp\/v2\/event-tournaments?post=3211"}],"curies":[{"name":"wp","href":"https:\/\/api.w.org\/{rel}","templated":true}]}}