
{"id":3280,"date":"2024-03-12T09:00:56","date_gmt":"2024-03-12T09:00:56","guid":{"rendered":"https:\/\/reservedsection.com\/event\/australian-grand-prix\/"},"modified":"2024-04-22T13:11:57","modified_gmt":"2024-04-22T13:11:57","slug":"australian-grand-prix","status":"publish","type":"product","link":"https:\/\/reservedsection.com\/es\/event\/australian-grand-prix\/","title":{"rendered":"Australian Grand Prix"},"content":{"rendered":"<p>El Gran Premio de Australia, evento fundamental del calendario de F\u00f3rmula Uno, es esperado con impaciencia por los entusiastas del automovilismo de todo el mundo. Programado para comenzar el 21 de marzo de 2024, en el Circuito Albert Park en Melbourne, Australia, este evento no solo marca el comienzo de la temporada de F\u00f3rmula Uno, sino que tambi\u00e9n muestra el pin\u00e1culo de la tecnolog\u00eda de carreras y la habilidad de los conductores. El circuito Albert Park, conocido por su trazado r\u00e1pido y fluido que serpentea alrededor del pintoresco lago Albert Park, al sur del distrito comercial central de Melbourne, ha albergado el Gran Premio de Australia desde 1996. La combinaci\u00f3n de rectas de alta velocidad y curvas desafiantes de este circuito urbano hace Es una verdadera prueba tanto para el conductor como para la m\u00e1quina.<\/p>\n<p>El Gran Premio de Australia es m\u00e1s que una simple carrera; es un festival de velocidad que atrae a miles de espectadores de todos los rincones del mundo. El evento se celebra por su ventaja competitiva, ya que presenta a algunos de los mejores pilotos de F\u00f3rmula Uno del mundo compitiendo por la supremac\u00eda en un circuito exigente. El ambiente es el\u00e9ctrico, con los fan\u00e1ticos alineados en la pista, anticipando ansiosamente un fin de semana lleno de acci\u00f3n de carreras de alto octanaje.<\/p>\n<p>En v\u00edsperas del Gran Premio de Australia, la temporada de F\u00f3rmula Uno comienza con dos carreras emocionantes: el Gran Premio de Bahr\u00e9in el 2 de marzo y el Gran Premio de Arabia Saudita el 9 de marzo. Estas carreras preparan el escenario para la intensa competencia que define la F\u00f3rmula Uno, brindando indicaciones tempranas del desempe\u00f1o del equipo y la forma de los pilotos a medida que avanza la temporada.<\/p>\n<p>Adem\u00e1s del evento principal, el fin de semana del Gran Premio de Australia incluye una variedad de carreras de apoyo, entretenimiento y actividades divertidas, lo que lo convierte en un festival de deportes de motor integral. Hay algo para todos los gustos, desde exposiciones de coches hist\u00f3ricos hasta sesiones de aut\u00f3grafos con los conductores. El evento no s\u00f3lo celebra la rica historia del deporte sino tambi\u00e9n su vibrante futuro, con innovaciones tecnol\u00f3gicas e iniciativas de sostenibilidad en el centro del escenario.<\/p>\n<p>El Gran Premio de Australia constituye un comienzo emocionante para la temporada de F\u00f3rmula Uno y marca la pauta para las batallas por el campeonato que se avecinan. Con su combinaci\u00f3n de carreras de alta velocidad, profundidad estrat\u00e9gica y atm\u00f3sfera festiva, resume la esencia de la F\u00f3rmula Uno, convirti\u00e9ndolo en un evento imperdible para los fan\u00e1ticos de todo el mundo. Mientras los equipos y pilotos se preparan para enfrentar los desaf\u00edos del Circuito de Albert Park, crece la anticipaci\u00f3n de lo que promete ser otro cap\u00edtulo memorable en la historia del Gran Premio de Australia.<\/p>\n<p>El calendario de F\u00f3rmula 1 est\u00e1 accesible <a href=\"https:\/\/reservedsection.com\/es\/formula-1-calendar-for-2024\/\">aqui.<\/a><\/p>\n","protected":false},"excerpt":{"rendered":"<p>El Gran Premio de Australia, evento fundamental del calendario de F\u00f3rmula Uno, es esperado con impaciencia por los entusiastas del automovilismo de todo el mundo. Programado para comenzar el 21 de marzo de 2024, en el Circuito Albert Park en Melbourne, Australia, este evento no solo marca el comienzo de la temporada de F\u00f3rmula Uno,&#8230;<\/p>\n","protected":false},"featured_media":3281,"comment_status":"closed","ping_status":"closed","template":"","meta":{"_acf_changed":false},"product_brand":[],"product_cat":[539,562,549],"product_tag":[],"location":[422],"event-position":[362],"teams":[],"venues":[423],"event-tours":[],"event-tournaments":[424],"class_list":{"0":"post-3280","1":"product","2":"type-product","3":"status-publish","4":"has-post-thumbnail","6":"product_cat-all-events","7":"product_cat-all-events-es","8":"product_cat-eventos-especiales","9":"location-australia-es","10":"event-position-experiencia-premium","11":"venues-albert-park-circuit-melbourne-es","12":"event-tournaments-formula-1-racing-es","14":"first","15":"instock","16":"taxable","17":"shipping-taxable","18":"purchasable","19":"product-type-simple"},"acf":[],"_links":{"self":[{"href":"https:\/\/reservedsection.com\/es\/wp-json\/wp\/v2\/product\/3280","targetHints":{"allow":["GET"]}}],"collection":[{"href":"https:\/\/reservedsection.com\/es\/wp-json\/wp\/v2\/product"}],"about":[{"href":"https:\/\/reservedsection.com\/es\/wp-json\/wp\/v2\/types\/product"}],"replies":[{"embeddable":true,"href":"https:\/\/reservedsection.com\/es\/wp-json\/wp\/v2\/comments?post=3280"}],"wp:featuredmedia":[{"embeddable":true,"href":"https:\/\/reservedsection.com\/es\/wp-json\/wp\/v2\/media\/3281"}],"wp:attachment":[{"href":"https:\/\/reservedsection.com\/es\/wp-json\/wp\/v2\/media?parent=3280"}],"wp:term":[{"taxonomy":"product_brand","embeddable":true,"href":"https:\/\/reservedsection.com\/es\/wp-json\/wp\/v2\/product_brand?post=3280"},{"taxonomy":"product_cat","embeddable":true,"href":"https:\/\/reservedsection.com\/es\/wp-json\/wp\/v2\/product_cat?post=3280"},{"taxonomy":"product_tag","embeddable":true,"href":"https:\/\/reservedsection.com\/es\/wp-json\/wp\/v2\/product_tag?post=3280"},{"taxonomy":"location","embeddable":true,"href":"https:\/\/reservedsection.com\/es\/wp-json\/wp\/v2\/location?post=3280"},{"taxonomy":"event-position","embeddable":true,"href":"https:\/\/reservedsection.com\/es\/wp-json\/wp\/v2\/event-position?post=3280"},{"taxonomy":"teams","embeddable":true,"href":"https:\/\/reservedsection.com\/es\/wp-json\/wp\/v2\/teams?post=3280"},{"taxonomy":"venues","embeddable":true,"href":"https:\/\/reservedsection.com\/es\/wp-json\/wp\/v2\/venues?post=3280"},{"taxonomy":"event-tours","embeddable":true,"href":"https:\/\/reservedsection.com\/es\/wp-json\/wp\/v2\/event-tours?post=3280"},{"taxonomy":"event-tournaments","embeddable":true,"href":"https:\/\/reservedsection.com\/es\/wp-json\/wp\/v2\/event-tournaments?post=3280"}],"curies":[{"name":"wp","href":"https:\/\/api.w.org\/{rel}","templated":true}]}}