
{"id":3282,"date":"2024-02-06T20:39:24","date_gmt":"2024-02-06T20:39:24","guid":{"rendered":"https:\/\/reservedsection.com\/event\/roskilde-festival-2024\/"},"modified":"2024-04-22T13:11:57","modified_gmt":"2024-04-22T13:11:57","slug":"festival-de-roskilde-2024","status":"publish","type":"product","link":"https:\/\/reservedsection.com\/es\/event\/festival-de-roskilde-2024\/","title":{"rendered":"Festival de Roskilde 2024"},"content":{"rendered":"<p>El Festival de Roskilde es un festival de m\u00fasica y arte sin fines de lucro que se celebra anualmente en Roskilde, Dinamarca. Es uno de los festivales de m\u00fasica m\u00e1s grandes del norte de Europa y el m\u00e1s grande de los pa\u00edses n\u00f3rdicos. El Festival de Roskilde suele tener lugar a finales de junio o principios de julio. El festival de este a\u00f1o se llevar\u00e1 a cabo del <strong>s\u00e1bado 29 de junio al s\u00e1bado 6 de julio de 2024.<\/strong> El festival presenta una programaci\u00f3n musical diversa, con g\u00e9neros que van desde rock y pop hasta m\u00fasica electr\u00f3nica y mundial. Tambi\u00e9n hay escenarios para teatro, danza y otras artes esc\u00e9nicas. La alineaci\u00f3n de 2024 a\u00fan no se ha anunciado en su totalidad, pero algunos de los artistas principales incluyen a Dua Lipa, Kendrick Lamar y Tyler, the Creator. Roskilde se encuentra a unos 30 kil\u00f3metros al oeste de Copenhague. Se puede acceder f\u00e1cilmente al recinto del festival en tren, autob\u00fas o coche.<\/p>\n","protected":false},"excerpt":{"rendered":"<p>El Festival de Roskilde es un festival de m\u00fasica y arte sin fines de lucro que se celebra anualmente en Roskilde, Dinamarca. Es uno de los festivales de m\u00fasica m\u00e1s grandes del norte de Europa y el m\u00e1s grande de los pa\u00edses n\u00f3rdicos. El Festival de Roskilde suele tener lugar a finales de junio o&#8230;<\/p>\n","protected":false},"featured_media":3283,"comment_status":"closed","ping_status":"closed","template":"","meta":{"_acf_changed":false},"product_brand":[],"product_cat":[539,562,549],"product_tag":[],"location":[425],"event-position":[362,366,426],"teams":[],"venues":[],"event-tours":[],"event-tournaments":[],"class_list":{"0":"post-3282","1":"product","2":"type-product","3":"status-publish","4":"has-post-thumbnail","6":"product_cat-all-events","7":"product_cat-all-events-es","8":"product_cat-eventos-especiales","9":"location-denmark-es","10":"event-position-experiencia-premium","11":"event-position-featured-event-es","12":"event-position-showcase-es","14":"first","15":"instock","16":"taxable","17":"shipping-taxable","18":"purchasable","19":"product-type-simple"},"acf":[],"_links":{"self":[{"href":"https:\/\/reservedsection.com\/es\/wp-json\/wp\/v2\/product\/3282","targetHints":{"allow":["GET"]}}],"collection":[{"href":"https:\/\/reservedsection.com\/es\/wp-json\/wp\/v2\/product"}],"about":[{"href":"https:\/\/reservedsection.com\/es\/wp-json\/wp\/v2\/types\/product"}],"replies":[{"embeddable":true,"href":"https:\/\/reservedsection.com\/es\/wp-json\/wp\/v2\/comments?post=3282"}],"wp:featuredmedia":[{"embeddable":true,"href":"https:\/\/reservedsection.com\/es\/wp-json\/wp\/v2\/media\/3283"}],"wp:attachment":[{"href":"https:\/\/reservedsection.com\/es\/wp-json\/wp\/v2\/media?parent=3282"}],"wp:term":[{"taxonomy":"product_brand","embeddable":true,"href":"https:\/\/reservedsection.com\/es\/wp-json\/wp\/v2\/product_brand?post=3282"},{"taxonomy":"product_cat","embeddable":true,"href":"https:\/\/reservedsection.com\/es\/wp-json\/wp\/v2\/product_cat?post=3282"},{"taxonomy":"product_tag","embeddable":true,"href":"https:\/\/reservedsection.com\/es\/wp-json\/wp\/v2\/product_tag?post=3282"},{"taxonomy":"location","embeddable":true,"href":"https:\/\/reservedsection.com\/es\/wp-json\/wp\/v2\/location?post=3282"},{"taxonomy":"event-position","embeddable":true,"href":"https:\/\/reservedsection.com\/es\/wp-json\/wp\/v2\/event-position?post=3282"},{"taxonomy":"teams","embeddable":true,"href":"https:\/\/reservedsection.com\/es\/wp-json\/wp\/v2\/teams?post=3282"},{"taxonomy":"venues","embeddable":true,"href":"https:\/\/reservedsection.com\/es\/wp-json\/wp\/v2\/venues?post=3282"},{"taxonomy":"event-tours","embeddable":true,"href":"https:\/\/reservedsection.com\/es\/wp-json\/wp\/v2\/event-tours?post=3282"},{"taxonomy":"event-tournaments","embeddable":true,"href":"https:\/\/reservedsection.com\/es\/wp-json\/wp\/v2\/event-tournaments?post=3282"}],"curies":[{"name":"wp","href":"https:\/\/api.w.org\/{rel}","templated":true}]}}